{"id":714,"date":"2023-10-21T21:36:46","date_gmt":"2023-10-21T21:36:46","guid":{"rendered":"https:\/\/webredox.net\/demo\/wp\/patara\/?page_id=714"},"modified":"2025-05-23T09:17:29","modified_gmt":"2025-05-23T09:17:29","slug":"ueber-uns","status":"publish","type":"page","link":"https:\/\/familienhotelkaernten.at\/index.php\/ueber-uns\/","title":{"rendered":"\u00dcber uns"},"content":{"rendered":"\t\t<div data-elementor-type=\"wp-page\" data-elementor-id=\"714\" class=\"elementor elementor-714\" data-elementor-post-type=\"page\">\n\t\t\t\t<div class=\"elementor-element elementor-element-14e42542 e-con-full e-flex e-con e-parent\" data-id=\"14e42542\" data-element_type=\"container\" data-e-type=\"container\" data-settings=\"{&quot;background_background&quot;:&quot;classic&quot;}\">\n\t\t\t\t<div class=\"elementor-element elementor-element-226f2218 elementor-widget elementor-widget-patara-banner-image\" data-id=\"226f2218\" data-element_type=\"widget\" data-e-type=\"widget\" data-widget_type=\"patara-banner-image.default\">\n\t\t\t\t<div class=\"elementor-widget-container\">\n\t\t\t\t\t\t\t\n\t<!-- Header Banner -->\n\t<header class=\"header\">\n\n\t\t\t\t<div class=\"banner-header full-height valign bg-img bg-fixed text-center\" data-overlay-dark=\"4\" data-background=\"https:\/\/familienhotelkaernten.at\/\/wp-content\/uploads\/2024\/07\/Trebesingerhof-16-final.jpg\">\n\t\t\t\t\t\t\t\t\t\t\t\t<div class=\"container\">\n\t\t\t\t\t<div class=\"row\">\n\t\t\t\t\t\t<div class=\"col-md-12 offset-0\">\n\t\t\t\t\t\t\t<div class=\"caption\">\n\n\t\t\t\t\t\t\t\t\t\t\t\t\t\t\t\t\n\t\t\t\t\t\t\t\t\n\t\t\t\t\t\t\t\t\t\t\t\t\t\t\t\t<h4 class=\"pt-slider-title1-class\">Trebesinger Hof - Personal<\/h4>\n\t\t\t\t\t\t\t\t\t\t\t\t\t\t\t\t\t\t\t\t\t\t\t\t<h1 class=\"pt-slider-title2-class\">\u00dcber uns<\/h1>\n\t\t\t\t\t\t\t\t\t\t\t\t\t\t\t\t\t\t\t\t\t\t\t\t<div class=\"butn-light mt-30 mb-30\"><a href=\"#ueber-uns\" target=\"_self\" rel=\"noopener noreferrer\"><span>Lernen Sie uns Kennen<\/span><\/a><\/div>\n\t\t\t\t\t\t\t\t\t\t\t\t\t\t\t<\/div>\t\t\t\t\t\t\n\t\t\t\t\t\t<\/div>\t\t\t\t\t\t\n\t\t\t\t\t<\/div>\n\t\t\t\t<\/div>\n\t\t\t\t\t\t\t\t<!-- button scroll -->\n\t\t\t\t<a href=\"#about\" data-scroll-nav=\"1\" class=\"mouse smoothscroll\">\n\t\t\t\t\t<span class=\"mouse-icon\">\n\t\t\t\t\t\t<span class=\"mouse-wheel\"><\/span>\n\t\t\t\t\t<\/span>\n\t\t\t\t<\/a>\t\n\t\t\t\t\t\t\t\t\t\n\t\t\t\t\t\t\n        <\/div>\t\t\t\n\t<\/header>\t\t\n\t\t\t\n    \t\t\t\t<\/div>\n\t\t\t\t<\/div>\n\t\t\t\t<\/div>\n\t\t<div class=\"elementor-element elementor-element-0a42731 e-flex e-con-boxed e-con e-parent\" data-id=\"0a42731\" data-element_type=\"container\" data-e-type=\"container\" id=\"ueber-uns\">\n\t\t\t\t\t<div class=\"e-con-inner\">\n\t\t<div class=\"elementor-element elementor-element-c7eb5e8 e-con-full e-flex e-con e-child\" data-id=\"c7eb5e8\" data-element_type=\"container\" data-e-type=\"container\" data-settings=\"{&quot;background_background&quot;:&quot;classic&quot;}\">\n\t\t\t\t<div class=\"elementor-element elementor-element-daecce5 elementor-widget elementor-widget-patara-title\" data-id=\"daecce5\" data-element_type=\"widget\" data-e-type=\"widget\" data-widget_type=\"patara-title.default\">\n\t\t\t\t<div class=\"elementor-widget-container\">\n\t\t\t\t\t\t\t\n\t\t\t\t\t\t\t\t<div class=\"sub-title border-bot-light\">\n\t\t\tWas wir bieten<\/h4><\/div>\n\t\t\t\t\t\n\t\t\t\n        \t\t\t\t<\/div>\n\t\t\t\t<\/div>\n\t\t\t\t<\/div>\n\t\t<div class=\"elementor-element elementor-element-5f6533a e-con-full e-flex e-con e-child\" data-id=\"5f6533a\" data-element_type=\"container\" data-e-type=\"container\" data-settings=\"{&quot;background_background&quot;:&quot;classic&quot;}\">\n\t\t\t\t<div class=\"elementor-element elementor-element-1fd7aa2 elementor-widget elementor-widget-patara-title\" data-id=\"1fd7aa2\" data-element_type=\"widget\" data-e-type=\"widget\" data-widget_type=\"patara-title.default\">\n\t\t\t\t<div class=\"elementor-widget-container\">\n\t\t\t\t\t\t\t\n\t\t\n\t\t\t\t\t\t\t\n\t\t\t<h4 class=\"section-title black text-left\">\u00dcber uns<\/h4>\t\t\t\t\n\t\t\t\n        \n\t\t\t\n        \t\t\t\t<\/div>\n\t\t\t\t<\/div>\n\t\t\t\t<div class=\"elementor-element elementor-element-cb6df98 elementor-widget elementor-widget-patara-text\" data-id=\"cb6df98\" data-element_type=\"widget\" data-e-type=\"widget\" data-widget_type=\"patara-text.default\">\n\t\t\t\t<div class=\"elementor-widget-container\">\n\t\t\t\t\t\t\t\n\t\t<div class=\"section-text text-left black\"><article class=\"text-token-text-primary w-full\" dir=\"auto\" data-testid=\"conversation-turn-2\" data-scroll-anchor=\"true\"><div class=\"text-base my-auto mx-auto py-5 [--thread-content-margin:--spacing(4)] @[37rem]:[--thread-content-margin:--spacing(6)] @[72rem]:[--thread-content-margin:--spacing(16)] px-(--thread-content-margin)\"><div class=\"[--thread-content-max-width:32rem] @[34rem]:[--thread-content-max-width:40rem] @[64rem]:[--thread-content-max-width:48rem] mx-auto flex max-w-(--thread-content-max-width) flex-1 text-base gap-4 md:gap-5 lg:gap-6 group\/turn-messages focus-visible:outline-hidden\" tabindex=\"-1\"><div class=\"group\/conversation-turn relative flex w-full min-w-0 flex-col agent-turn\"><div class=\"relative flex-col gap-1 md:gap-3\"><div class=\"flex max-w-full flex-col grow\"><div class=\"min-h-8 text-message relative flex w-full flex-col items-end gap-2 text-start break-words whitespace-normal [.text-message+&amp;]:mt-5\" dir=\"auto\" data-message-author-role=\"assistant\" data-message-id=\"4db7c00f-77ad-435b-9c80-6f36b4229266\" data-message-model-slug=\"o4-mini\"><div class=\"flex w-full flex-col gap-1 empty:hidden first:pt-[3px]\"><div class=\"markdown prose dark:prose-invert w-full break-words light\"><p data-start=\"14\" data-end=\"388\">Willkommen im Hotel Trebesingerhof \u2013 Ihrem famili\u00e4ren R\u00fcckzugsort in K\u00e4rnten, der seit \u00fcber 40 Jahren Generationen verbindet. Einst als idyllischer Landgasthof gestartet, haben wir uns Schritt f\u00fcr Schritt zu einem wahren Familienrefugium entwickelt. Heute begr\u00fc\u00dfen wir G\u00e4ste bereits in der dritten Generation und bieten f\u00fcr Gro\u00df und Klein ein liebevoll gewachsenes Ambiente.<\/p><p data-start=\"390\" data-end=\"761\">Als leidenschaftliche Gastgeber ist es unser Herzensanliegen, Ihnen einen unvergesslichen Aufenthalt zu bereiten. Die sch\u00f6nsten Urlaubserinnerungen entstehen im Kreise der Liebsten \u2013 bei uns wird der Familienurlaub zum j\u00e4hrlichen Highlight. Ob Ausfl\u00fcge in die Bergwelt, entspanntes Sonnenbaden am See oder gemeinsame Stunden in unserem Hotel: Alles k\u00f6nnen, nichts m\u00fcssen!<\/p><h3 data-start=\"763\" data-end=\"788\">F\u00fcr die ganze Familie<\/h3><p data-start=\"791\" data-end=\"927\"><strong data-start=\"791\" data-end=\"828\">Kostenlose K\u00e4rnten Card im Sommer: <\/strong>Entdecken Sie \u00fcber 100 Ausflugsziele \u2013 von Bergbahnen und Badespa\u00df bis zu spannenden Museen<\/p><p data-start=\"791\" data-end=\"927\"><strong data-start=\"930\" data-end=\"961\">\u201eFamilienanimation\u201c im Haus: <\/strong>Spiel, Spa\u00df und Abenteuer mit unserem Betreuungsprogramm f\u00fcr Kinder.<\/p><h3 data-start=\"1038\" data-end=\"1068\">Wohlf\u00fchlmomente f\u00fcr Eltern<\/h3><p data-start=\"1069\" data-end=\"1272\">R\u00fcckzugsinseln f\u00fcr ruhige Minuten: Genie\u00dfen Sie ein Gl\u00e4schen Wein auf unserer Terrasse oder schm\u00f6kern Sie in unserem B\u00fcchereck, bis Sie die Sehnsucht nach den Kindern wieder ins Familiengl\u00fcck zur\u00fcckruft.<\/p><hr data-start=\"1274\" data-end=\"1277\" \/><h3 data-start=\"1279\" data-end=\"1316\">Nachhaltigkeit mit Travelife Gold<\/h3><p data-start=\"1318\" data-end=\"1562\">Wir freuen uns, Ihnen mitteilen zu d\u00fcrfen, dass wir im Rahmen eines unabh\u00e4ngigen Audits nach den strengen Kriterien des Global Sustainable Tourism Council (GSTC) die <strong data-start=\"1484\" data-end=\"1502\">Travelife Gold<\/strong>-Zertifizierung f\u00fcr nachhaltige Beherbergung erreicht haben.<\/p><p data-start=\"1564\" data-end=\"1610\"><strong data-start=\"1564\" data-end=\"1608\">Was hei\u00dft das f\u00fcr Sie und unsere Region?<\/strong><\/p><p data-start=\"1613\" data-end=\"1797\"><strong data-start=\"1613\" data-end=\"1646\">Umweltfreundliches Management: <\/strong>Reduzierung von Energie- und Wasserverbrauch, optimierte Abfalltrennung &amp; Recycling, Einsatz umweltvertr\u00e4glicher Reinigungs- und Pflegeprodukte.<\/p><p data-start=\"1800\" data-end=\"1958\"><strong data-start=\"1800\" data-end=\"1835\">St\u00e4rkung der lokalen Wirtschaft: <\/strong>Kooperation mit regionalen Lieferanten, kurze Transportwege und faire Preise, damit Ihr Urlaub direkt vor Ort wirkt.<\/p><p data-start=\"1961\" data-end=\"2152\"><strong data-start=\"1961\" data-end=\"1989\">Faire Arbeitsbedingungen: <\/strong>Unser Team profitiert von fairen L\u00f6hnen, geregelten Arbeitszeiten und regelm\u00e4\u00dfigen Weiterbildungen \u2013 f\u00fcr motivierte Mitarbeitende und erstklassigen Service.<\/p><p data-start=\"2155\" data-end=\"2300\"><strong data-start=\"2155\" data-end=\"2185\">Tierschutz &amp; Biodiversit\u00e4t: <\/strong>Pflege unseres Naturgartens, F\u00f6rderung artgerechter Tierhaltung und Mitarbeit an lokalen Naturschutzprojekten.<\/p><p data-start=\"2302\" data-end=\"2541\" data-is-last-node=\"\" data-is-only-node=\"\"><strong data-start=\"2302\" data-end=\"2324\">Unser Versprechen:<\/strong> Bei uns erleben Sie Genuss, Erholung und \u00f6kologisches Bewusstsein in perfekter Harmonie \u2013 eingebettet in die beeindruckende Bergwelt K\u00e4rntens. Wir freuen uns darauf, Sie und Ihre Familie bei uns willkommen zu hei\u00dfen.<\/p><\/div><\/div><\/div><\/div><\/div><\/div><\/div><\/div><\/article><\/div>\n\t\t\n\t\t\t\n        \t\t\t\t<\/div>\n\t\t\t\t<\/div>\n\t\t\t\t<\/div>\n\t\t\t\t\t<\/div>\n\t\t\t\t<\/div>\n\t\t<div class=\"elementor-element elementor-element-548fb2dc e-flex e-con-boxed e-con e-parent\" data-id=\"548fb2dc\" data-element_type=\"container\" data-e-type=\"container\" data-settings=\"{&quot;background_background&quot;:&quot;classic&quot;}\">\n\t\t\t\t\t<div class=\"e-con-inner\">\n\t\t<div class=\"elementor-element elementor-element-5d646971 e-con-full e-flex e-con e-child\" data-id=\"5d646971\" data-element_type=\"container\" data-e-type=\"container\">\n\t\t\t\t<div class=\"elementor-element elementor-element-7382eab elementor-widget elementor-widget-patara-amenities-carousel\" data-id=\"7382eab\" data-element_type=\"widget\" data-e-type=\"widget\" data-widget_type=\"patara-amenities-carousel.default\">\n\t\t\t\t<div class=\"elementor-widget-container\">\n\t\t\t\t\t\n\t\t<div class=\"sec-amenities amenities\">\t\n\t\t\t<div class=\"owl-carousel owl-theme\"  data-amenities-autoplay=\"true\" data-amenities-timeout=\"5000\" data-amenities-speed=\"500\" data-amenities-dots=\"true\" data-amenities-nav=\"false\"    data-rtl=\"false\" data-amenities-item=\"2\">\n\t\t\t\t\t\t\t\t\t\t\t\t\t<div class=\"item\"> \n\t\t\t\t\t     \n\t\t\t\t\t    <span class=\"number\">01<\/span>\n\t\t\t\t\t\t\t\t\t\t\t\t\t\n\t\t\t\t\t\t\t<div class=\"icon\"><i class=\"flaticon-breakfast\"><\/i><\/div>\t\n\t\t\t\t\t\t\t\t\t\t\t\t\t\n\t\t\t\t\t\t<h5 class=\"pt-amenities-title-class\">All Inclusive light\t<\/h5>\n\t\t\t\t\t\t\t\t\t\t\t\t<div class=\"section-text\"><p>Reichhaltiges Fr\u00fchst\u00fccksbuffet, Mittagslunch, 6-g\u00e4ngiges Abendmen\u00fc und f\u00fcr unsere kleinen G\u00e4ste ein Kinderbuffet. Inklusive Getr\u00e4nke vom Buffet zu allen Mahlzeiten.<\/p><\/div>\n\t\t\t\t\t\t\t\n\t\t\t\t\t<\/div>\t\t\t\t\n\t\t\t\t\t\t\t\t\t\t\t\t\t\t\t\t\t<div class=\"item\"> \n\t\t\t\t\t     \n\t\t\t\t\t    <span class=\"number\">02<\/span>\n\t\t\t\t\t\t\t\t\t\t\t\t\t\n\t\t\t\t\t\t\t<div class=\"icon\"><i class=\"flaticon-breakfast\"><\/i><\/div>\t\n\t\t\t\t\t\t\t\t\t\t\t\t\t\n\t\t\t\t\t\t<h5 class=\"pt-amenities-title-class\">TUI Kids Club\t<\/h5>\n\t\t\t\t\t\t\t\t\t\t\t\t<div class=\"section-text\"><p><strong>Hotelkonzept-Kriterien: <\/strong>Deutschsprachige Kinderbetreuung durch TUI geschulte Mitarbeiter: Minis 3-6 und Maxis 7-12 Jahre (mehrmals pro Woche) Teensprogramme: 13-17 Jahre (Sommerferien)<\/p><\/div>\n\t\t\t\t\t\t\t\n\t\t\t\t\t<\/div>\t\t\t\t\n\t\t\t\t\t\t\t\t\t\t\t\t\t\t\t\t\t<div class=\"item\"> \n\t\t\t\t\t     \n\t\t\t\t\t    <span class=\"number\">03<\/span>\n\t\t\t\t\t\t\t\t\t\t\t\t\t\n\t\t\t\t\t\t\t<div class=\"icon\"><i class=\"flaticon-car\"><\/i><\/div>\t\n\t\t\t\t\t\t\t\t\t\t\t\t\t\n\t\t\t\t\t\t<h5 class=\"pt-amenities-title-class\">Kostenloser Parkplatz\t<\/h5>\n\t\t\t\t\t\t\t\t\t\t\t\t<div class=\"section-text\"><p>Wir bieten Ihnen einen sicheren und bequemen Parkplatz f\u00fcr Ihr Fahrzeug.<\/p><\/div>\n\t\t\t\t\t\t\t\n\t\t\t\t\t<\/div>\t\t\t\t\n\t\t\t\t\t\t\t\t\t\t\t\t\t\t\t\t\t<div class=\"item\"> \n\t\t\t\t\t     \n\t\t\t\t\t    <span class=\"number\">04<\/span>\n\t\t\t\t\t\t\t\t\t\t\t\t\t\n\t\t\t\t\t\t\t<div class=\"icon\"><i class=\"flaticon-swimming\"><\/i><\/div>\t\n\t\t\t\t\t\t\t\t\t\t\t\t\t\n\t\t\t\t\t\t<h5 class=\"pt-amenities-title-class\">Swimming Pool\t<\/h5>\n\t\t\t\t\t\t\t\t\t\t\t\t<div class=\"section-text\"><p>Genie\u00dfen Sie unseren erfrischenden Swimmingpool &amp; Whirlpool.<\/p><\/div>\n\t\t\t\t\t\t\t\n\t\t\t\t\t<\/div>\t\t\t\t\n\t\t\t\t\t\t\t\t\t\t    <\/div>\t\n\t\t<\/div>\t\t\n\n        \t\t\t\t<\/div>\n\t\t\t\t<\/div>\n\t\t\t\t<\/div>\n\t\t\t\t\t<\/div>\n\t\t\t\t<\/div>\n\t\t<div class=\"elementor-element elementor-element-a0127a5 e-flex e-con-boxed e-con e-parent\" data-id=\"a0127a5\" data-element_type=\"container\" data-e-type=\"container\">\n\t\t\t\t\t<div class=\"e-con-inner\">\n\t\t<div class=\"elementor-element elementor-element-f629156 e-con-full e-flex e-con e-child\" data-id=\"f629156\" data-element_type=\"container\" data-e-type=\"container\">\n\t\t\t\t<div class=\"elementor-element elementor-element-224786e elementor-widget elementor-widget-patara-gallery\" data-id=\"224786e\" data-element_type=\"widget\" data-e-type=\"widget\" data-widget_type=\"patara-gallery.default\">\n\t\t\t\t<div class=\"elementor-widget-container\">\n\t\t\t\t\t\t\t\t\t<div class=\"sec-gallery\">\n\t\t\t<div class=\"container-after-gallery\">\n\t\t\t<div class=\"row patara-gallery-items isotope-items-wrap loadmore-wrapper-gallery\" data-load-item=\"5\" data-button-text=\"Mehr laden\">\t\n\t\t\t\t\t\t\t\t\t\t\t\t\t\t\t\t\n\t\t\t\t\t<div class=\"col-md-6 patara-masonry-wrapper single-item isotope-item-gallery\">\t\n\t\t\t\t\t\t<div class=\"gallery-item\">\n\t\t\t\t\t\t\t<div class=\"img-card\">\n\t\t\t\t\t\t\t\t<a href=\"https:\/\/familienhotelkaernten.at\/\/wp-content\/uploads\/2024\/07\/Trebesingerhof-216.jpg\" title=\"Junior Suite\" class=\"img-zoom\">\n\t\t\t\t\t\t\t\t\t<div class=\"img-block\">\n\t\t\t\t\t\t\t\t\t\t<div class=\"wrapper-img\"> <img decoding=\"async\" src=\"https:\/\/familienhotelkaernten.at\/\/wp-content\/uploads\/2024\/07\/Trebesingerhof-216.jpg\" alt=\"\"  class=\"img-fluid mx-auto d-block\"> <\/div>\n\t\t\t\t\t\t\t\t\t\t\t\t\t\t\t\t\t\t\t\t<div class=\"title-block\">\n\t\t\t\t\t\t\t\t\t\t\t<h6>Junior Suite<\/h6>\n\t\t\t\t\t\t\t\t\t\t<\/div>\n\t\t\t\t\t\t\t\t\t\t\t\n\t\t\t\t\t\t\t\t\t<\/div>\t\t\t\t\t\t\t\t\t\n\t\t\t\t\t\t\t\t<\/a>\t\t\t\t\t\t\t\n\t\t\t\t\t\t\t<\/div>\n\t\t\t\t\t\t<\/div>\n\t\t\t\t\t<\/div>\n\t\t\t\t\t\n\t\t\t\t\t\t\t\t\t\t\t\t\t\t\t\t\n\t\t\t\t\t<div class=\"col-md-6 patara-masonry-wrapper single-item isotope-item-gallery\">\t\n\t\t\t\t\t\t<div class=\"gallery-item\">\n\t\t\t\t\t\t\t<div class=\"img-card\">\n\t\t\t\t\t\t\t\t<a href=\"https:\/\/familienhotelkaernten.at\/\/wp-content\/uploads\/2024\/07\/Trebesingerhof-195-scaled.jpg\" title=\"Suite\" class=\"img-zoom\">\n\t\t\t\t\t\t\t\t\t<div class=\"img-block\">\n\t\t\t\t\t\t\t\t\t\t<div class=\"wrapper-img\"> <img decoding=\"async\" src=\"https:\/\/familienhotelkaernten.at\/\/wp-content\/uploads\/2024\/07\/Trebesingerhof-195-scaled.jpg\" alt=\"\"  class=\"img-fluid mx-auto d-block\"> <\/div>\n\t\t\t\t\t\t\t\t\t\t\t\t\t\t\t\t\t\t\t\t<div class=\"title-block\">\n\t\t\t\t\t\t\t\t\t\t\t<h6>Suite<\/h6>\n\t\t\t\t\t\t\t\t\t\t<\/div>\n\t\t\t\t\t\t\t\t\t\t\t\n\t\t\t\t\t\t\t\t\t<\/div>\t\t\t\t\t\t\t\t\t\n\t\t\t\t\t\t\t\t<\/a>\t\t\t\t\t\t\t\n\t\t\t\t\t\t\t<\/div>\n\t\t\t\t\t\t<\/div>\n\t\t\t\t\t<\/div>\n\t\t\t\t\t\n\t\t\t\t\t\t\t\t\t\t\t\t\t\t\t\t\n\t\t\t\t\t<div class=\"col-md-4 patara-masonry-wrapper single-item isotope-item-gallery\">\t\n\t\t\t\t\t\t<div class=\"gallery-item\">\n\t\t\t\t\t\t\t<div class=\"img-card\">\n\t\t\t\t\t\t\t\t<a href=\"https:\/\/familienhotelkaernten.at\/\/wp-content\/uploads\/2024\/07\/Trebesingerhof-63-scaled.jpg\" title=\"Whirlpool\" class=\"img-zoom\">\n\t\t\t\t\t\t\t\t\t<div class=\"img-block\">\n\t\t\t\t\t\t\t\t\t\t<div class=\"wrapper-img\"> <img decoding=\"async\" src=\"https:\/\/familienhotelkaernten.at\/\/wp-content\/uploads\/2024\/07\/Trebesingerhof-63-scaled.jpg\" alt=\"\"  class=\"img-fluid mx-auto d-block\"> <\/div>\n\t\t\t\t\t\t\t\t\t\t\t\t\t\t\t\t\t\t\t\t<div class=\"title-block\">\n\t\t\t\t\t\t\t\t\t\t\t<h6>Whirlpool<\/h6>\n\t\t\t\t\t\t\t\t\t\t<\/div>\n\t\t\t\t\t\t\t\t\t\t\t\n\t\t\t\t\t\t\t\t\t<\/div>\t\t\t\t\t\t\t\t\t\n\t\t\t\t\t\t\t\t<\/a>\t\t\t\t\t\t\t\n\t\t\t\t\t\t\t<\/div>\n\t\t\t\t\t\t<\/div>\n\t\t\t\t\t<\/div>\n\t\t\t\t\t\n\t\t\t\t\t\t\t\t\t\t\t\t\t\t\t\t\n\t\t\t\t\t<div class=\"col-md-4 patara-masonry-wrapper single-item isotope-item-gallery\">\t\n\t\t\t\t\t\t<div class=\"gallery-item\">\n\t\t\t\t\t\t\t<div class=\"img-card\">\n\t\t\t\t\t\t\t\t<a href=\"https:\/\/familienhotelkaernten.at\/\/wp-content\/uploads\/2024\/07\/Trebesingerhof-60.jpg\" title=\"Wasserwelt\" class=\"img-zoom\">\n\t\t\t\t\t\t\t\t\t<div class=\"img-block\">\n\t\t\t\t\t\t\t\t\t\t<div class=\"wrapper-img\"> <img decoding=\"async\" src=\"https:\/\/familienhotelkaernten.at\/\/wp-content\/uploads\/2024\/07\/Trebesingerhof-60.jpg\" alt=\"\"  class=\"img-fluid mx-auto d-block\"> <\/div>\n\t\t\t\t\t\t\t\t\t\t\t\t\t\t\t\t\t\t\t\t<div class=\"title-block\">\n\t\t\t\t\t\t\t\t\t\t\t<h6>Wasserwelt<\/h6>\n\t\t\t\t\t\t\t\t\t\t<\/div>\n\t\t\t\t\t\t\t\t\t\t\t\n\t\t\t\t\t\t\t\t\t<\/div>\t\t\t\t\t\t\t\t\t\n\t\t\t\t\t\t\t\t<\/a>\t\t\t\t\t\t\t\n\t\t\t\t\t\t\t<\/div>\n\t\t\t\t\t\t<\/div>\n\t\t\t\t\t<\/div>\n\t\t\t\t\t\n\t\t\t\t\t\t\t\t\t\t\t\t\t\t\t\t\n\t\t\t\t\t<div class=\"col-md-4 patara-masonry-wrapper single-item isotope-item-gallery\">\t\n\t\t\t\t\t\t<div class=\"gallery-item\">\n\t\t\t\t\t\t\t<div class=\"img-card\">\n\t\t\t\t\t\t\t\t<a href=\"https:\/\/familienhotelkaernten.at\/\/wp-content\/uploads\/2024\/07\/Trebesingerhof-49-scaled.jpg\" title=\"Wasserwelt f\u00fcr Babys\" class=\"img-zoom\">\n\t\t\t\t\t\t\t\t\t<div class=\"img-block\">\n\t\t\t\t\t\t\t\t\t\t<div class=\"wrapper-img\"> <img decoding=\"async\" src=\"https:\/\/familienhotelkaernten.at\/\/wp-content\/uploads\/2024\/07\/Trebesingerhof-49-scaled.jpg\" alt=\"\"  class=\"img-fluid mx-auto d-block\"> <\/div>\n\t\t\t\t\t\t\t\t\t\t\t\t\t\t\t\t\t\t\t\t<div class=\"title-block\">\n\t\t\t\t\t\t\t\t\t\t\t<h6>Wasserwelt f\u00fcr Babys<\/h6>\n\t\t\t\t\t\t\t\t\t\t<\/div>\n\t\t\t\t\t\t\t\t\t\t\t\n\t\t\t\t\t\t\t\t\t<\/div>\t\t\t\t\t\t\t\t\t\n\t\t\t\t\t\t\t\t<\/a>\t\t\t\t\t\t\t\n\t\t\t\t\t\t\t<\/div>\n\t\t\t\t\t\t<\/div>\n\t\t\t\t\t<\/div>\n\t\t\t\t\t\n\t\t\t\t\t\t\t\t\t\t\t\t\t\t\t\t\n\t\t\t\t\t<div class=\"col-md-6 patara-masonry-wrapper single-item isotope-item-gallery\">\t\n\t\t\t\t\t\t<div class=\"gallery-item\">\n\t\t\t\t\t\t\t<div class=\"img-card\">\n\t\t\t\t\t\t\t\t<a href=\"https:\/\/familienhotelkaernten.at\/\/wp-content\/uploads\/2024\/07\/Trebesingerhof-32-final-scaled.jpg\" title=\"Wellnes &#038; Sauna\" class=\"img-zoom\">\n\t\t\t\t\t\t\t\t\t<div class=\"img-block\">\n\t\t\t\t\t\t\t\t\t\t<div class=\"wrapper-img\"> <img decoding=\"async\" src=\"https:\/\/familienhotelkaernten.at\/\/wp-content\/uploads\/2024\/07\/Trebesingerhof-32-final-scaled.jpg\" alt=\"\"  class=\"img-fluid mx-auto d-block\"> <\/div>\n\t\t\t\t\t\t\t\t\t\t\t\t\t\t\t\t\t\t\t\t<div class=\"title-block\">\n\t\t\t\t\t\t\t\t\t\t\t<h6>Wellnes &#038; Sauna<\/h6>\n\t\t\t\t\t\t\t\t\t\t<\/div>\n\t\t\t\t\t\t\t\t\t\t\t\n\t\t\t\t\t\t\t\t\t<\/div>\t\t\t\t\t\t\t\t\t\n\t\t\t\t\t\t\t\t<\/a>\t\t\t\t\t\t\t\n\t\t\t\t\t\t\t<\/div>\n\t\t\t\t\t\t<\/div>\n\t\t\t\t\t<\/div>\n\t\t\t\t\t\n\t\t\t\t\t\t\t\t\t\t\t\t\t\t\t\t\n\t\t\t\t\t<div class=\"col-md-6 patara-masonry-wrapper single-item isotope-item-gallery\">\t\n\t\t\t\t\t\t<div class=\"gallery-item\">\n\t\t\t\t\t\t\t<div class=\"img-card\">\n\t\t\t\t\t\t\t\t<a href=\"https:\/\/familienhotelkaernten.at\/\/wp-content\/uploads\/2024\/07\/Trebesingerhof-259-scaled.jpg\" title=\"Restaurant\" class=\"img-zoom\">\n\t\t\t\t\t\t\t\t\t<div class=\"img-block\">\n\t\t\t\t\t\t\t\t\t\t<div class=\"wrapper-img\"> <img decoding=\"async\" src=\"https:\/\/familienhotelkaernten.at\/\/wp-content\/uploads\/2024\/07\/Trebesingerhof-259-scaled.jpg\" alt=\"\"  class=\"img-fluid mx-auto d-block\"> <\/div>\n\t\t\t\t\t\t\t\t\t\t\t\t\t\t\t\t\t\t\t\t<div class=\"title-block\">\n\t\t\t\t\t\t\t\t\t\t\t<h6>Restaurant<\/h6>\n\t\t\t\t\t\t\t\t\t\t<\/div>\n\t\t\t\t\t\t\t\t\t\t\t\n\t\t\t\t\t\t\t\t\t<\/div>\t\t\t\t\t\t\t\t\t\n\t\t\t\t\t\t\t\t<\/a>\t\t\t\t\t\t\t\n\t\t\t\t\t\t\t<\/div>\n\t\t\t\t\t\t<\/div>\n\t\t\t\t\t<\/div>\n\t\t\t\t\t\n\t\t\t\t\t\t\t\t\t\t\t\t\t\t\t\t\n\t\t\t\t\t<div class=\"col-md-4 patara-masonry-wrapper single-item isotope-item-gallery\">\t\n\t\t\t\t\t\t<div class=\"gallery-item\">\n\t\t\t\t\t\t\t<div class=\"img-card\">\n\t\t\t\t\t\t\t\t<a href=\"https:\/\/familienhotelkaernten.at\/\/wp-content\/uploads\/2024\/07\/Trebesingerhof-87-scaled.jpg\" title=\"Freizeit\" class=\"img-zoom\">\n\t\t\t\t\t\t\t\t\t<div class=\"img-block\">\n\t\t\t\t\t\t\t\t\t\t<div class=\"wrapper-img\"> <img decoding=\"async\" src=\"https:\/\/familienhotelkaernten.at\/\/wp-content\/uploads\/2024\/07\/Trebesingerhof-87-scaled.jpg\" alt=\"\"  class=\"img-fluid mx-auto d-block\"> <\/div>\n\t\t\t\t\t\t\t\t\t\t\t\t\t\t\t\t\t\t\t\t<div class=\"title-block\">\n\t\t\t\t\t\t\t\t\t\t\t<h6>Freizeit<\/h6>\n\t\t\t\t\t\t\t\t\t\t<\/div>\n\t\t\t\t\t\t\t\t\t\t\t\n\t\t\t\t\t\t\t\t\t<\/div>\t\t\t\t\t\t\t\t\t\n\t\t\t\t\t\t\t\t<\/a>\t\t\t\t\t\t\t\n\t\t\t\t\t\t\t<\/div>\n\t\t\t\t\t\t<\/div>\n\t\t\t\t\t<\/div>\n\t\t\t\t\t\n\t\t\t\t\t\t\t\t\t\t\t\t\t\t\t\t\n\t\t\t\t\t<div class=\"col-md-4 patara-masonry-wrapper single-item isotope-item-gallery\">\t\n\t\t\t\t\t\t<div class=\"gallery-item\">\n\t\t\t\t\t\t\t<div class=\"img-card\">\n\t\t\t\t\t\t\t\t<a href=\"https:\/\/familienhotelkaernten.at\/\/wp-content\/uploads\/2024\/07\/golfen.webp\" title=\"golfen\" class=\"img-zoom\">\n\t\t\t\t\t\t\t\t\t<div class=\"img-block\">\n\t\t\t\t\t\t\t\t\t\t<div class=\"wrapper-img\"> <img decoding=\"async\" src=\"https:\/\/familienhotelkaernten.at\/\/wp-content\/uploads\/2024\/07\/golfen.webp\" alt=\"\"  class=\"img-fluid mx-auto d-block\"> <\/div>\n\t\t\t\t\t\t\t\t\t\t\t\t\t\t\t\t\t\t\t\t<div class=\"title-block\">\n\t\t\t\t\t\t\t\t\t\t\t<h6>golfen<\/h6>\n\t\t\t\t\t\t\t\t\t\t<\/div>\n\t\t\t\t\t\t\t\t\t\t\t\n\t\t\t\t\t\t\t\t\t<\/div>\t\t\t\t\t\t\t\t\t\n\t\t\t\t\t\t\t\t<\/a>\t\t\t\t\t\t\t\n\t\t\t\t\t\t\t<\/div>\n\t\t\t\t\t\t<\/div>\n\t\t\t\t\t<\/div>\n\t\t\t\t\t\n\t\t\t\t\t\t\t\t\t\t\t\t\t\t\t\t\n\t\t\t\t\t<div class=\"col-md-4 patara-masonry-wrapper single-item isotope-item-gallery\">\t\n\t\t\t\t\t\t<div class=\"gallery-item\">\n\t\t\t\t\t\t\t<div class=\"img-card\">\n\t\t\t\t\t\t\t\t<a href=\"https:\/\/familienhotelkaernten.at\/\/wp-content\/uploads\/2024\/07\/motorrad-fahren.webp\" title=\"Motorrad Fahren\" class=\"img-zoom\">\n\t\t\t\t\t\t\t\t\t<div class=\"img-block\">\n\t\t\t\t\t\t\t\t\t\t<div class=\"wrapper-img\"> <img decoding=\"async\" src=\"https:\/\/familienhotelkaernten.at\/\/wp-content\/uploads\/2024\/07\/motorrad-fahren.webp\" alt=\"\"  class=\"img-fluid mx-auto d-block\"> <\/div>\n\t\t\t\t\t\t\t\t\t\t\t\t\t\t\t\t\t\t\t\t<div class=\"title-block\">\n\t\t\t\t\t\t\t\t\t\t\t<h6>Motorrad Fahren<\/h6>\n\t\t\t\t\t\t\t\t\t\t<\/div>\n\t\t\t\t\t\t\t\t\t\t\t\n\t\t\t\t\t\t\t\t\t<\/div>\t\t\t\t\t\t\t\t\t\n\t\t\t\t\t\t\t\t<\/a>\t\t\t\t\t\t\t\n\t\t\t\t\t\t\t<\/div>\n\t\t\t\t\t\t<\/div>\n\t\t\t\t\t<\/div>\n\t\t\t\t\t\n\t\t\t\t\t\t\t\t\t\t\t\t\t\t\t\t\n\t\t\t\t\t<div class=\"col-md-12 patara-masonry-wrapper single-item isotope-item-gallery\">\t\n\t\t\t\t\t\t<div class=\"gallery-item\">\n\t\t\t\t\t\t\t<div class=\"img-card\">\n\t\t\t\t\t\t\t\t<a href=\"https:\/\/familienhotelkaernten.at\/\/wp-content\/uploads\/2024\/07\/Wandern.webp\" title=\"Wandern\" class=\"img-zoom\">\n\t\t\t\t\t\t\t\t\t<div class=\"img-block\">\n\t\t\t\t\t\t\t\t\t\t<div class=\"wrapper-img\"> <img decoding=\"async\" src=\"https:\/\/familienhotelkaernten.at\/\/wp-content\/uploads\/2024\/07\/Wandern.webp\" alt=\"\"  class=\"img-fluid mx-auto d-block\"> <\/div>\n\t\t\t\t\t\t\t\t\t\t\t\t\t\t\t\t\t\t\t\t<div class=\"title-block\">\n\t\t\t\t\t\t\t\t\t\t\t<h6>Wandern<\/h6>\n\t\t\t\t\t\t\t\t\t\t<\/div>\n\t\t\t\t\t\t\t\t\t\t\t\n\t\t\t\t\t\t\t\t\t<\/div>\t\t\t\t\t\t\t\t\t\n\t\t\t\t\t\t\t\t<\/a>\t\t\t\t\t\t\t\n\t\t\t\t\t\t\t<\/div>\n\t\t\t\t\t\t<\/div>\n\t\t\t\t\t<\/div>\n\t\t\t\t\t\n\t\t\t\t\t\n\t\t\t<\/div>\t\t\t\t\n\t\t\t<\/div>\t\t\t\t\n\t\t<\/div>\t\t\t\t\n\n        \t\t\t\t<\/div>\n\t\t\t\t<\/div>\n\t\t\t\t<\/div>\n\t\t\t\t\t<\/div>\n\t\t\t\t<\/div>\n\t\t<div class=\"elementor-element elementor-element-30c2580 e-flex e-con-boxed e-con e-parent\" data-id=\"30c2580\" data-element_type=\"container\" data-e-type=\"container\" data-settings=\"{&quot;background_background&quot;:&quot;classic&quot;}\">\n\t\t\t\t\t<div class=\"e-con-inner\">\n\t\t\t\t<div class=\"elementor-element elementor-element-cda8425 elementor-widget elementor-widget-patara-room-search\" data-id=\"cda8425\" data-element_type=\"widget\" data-e-type=\"widget\" data-widget_type=\"patara-room-search.default\">\n\t\t\t\t<div class=\"elementor-widget-container\">\n\t\t\t\t\t\t\t\n\t\t\n    \t\t\t\t<\/div>\n\t\t\t\t<\/div>\n\t\t\t\t\t<\/div>\n\t\t\t\t<\/div>\n\t\t\t\t<\/div>\n\t\t","protected":false},"excerpt":{"rendered":"<p>Trebesinger Hof &#8211; Personal \u00dcber uns Lernen Sie uns Kennen Was wir bieten \u00dcber uns Willkommen im Hotel Trebesingerhof \u2013 Ihrem famili\u00e4ren R\u00fcckzugsort in K\u00e4rnten, der seit \u00fcber 40 Jahren Generationen verbindet. Einst als idyllischer Landgasthof gestartet, haben wir uns Schritt f\u00fcr Schritt zu einem wahren Familienrefugium entwickelt. Heute begr\u00fc\u00dfen wir G\u00e4ste bereits in der dritten Generation und bieten f\u00fcr<\/p>\n","protected":false},"author":1,"featured_media":0,"parent":0,"menu_order":0,"comment_status":"closed","ping_status":"closed","template":"","meta":{"footnotes":"","_links_to":"","_links_to_target":""},"class_list":["post-714","page","type-page","status-publish","hentry"],"aioseo_notices":[],"meta_box":[],"_links":{"self":[{"href":"https:\/\/familienhotelkaernten.at\/index.php\/wp-json\/wp\/v2\/pages\/714","targetHints":{"allow":["GET"]}}],"collection":[{"href":"https:\/\/familienhotelkaernten.at\/index.php\/wp-json\/wp\/v2\/pages"}],"about":[{"href":"https:\/\/familienhotelkaernten.at\/index.php\/wp-json\/wp\/v2\/types\/page"}],"author":[{"embeddable":true,"href":"https:\/\/familienhotelkaernten.at\/index.php\/wp-json\/wp\/v2\/users\/1"}],"replies":[{"embeddable":true,"href":"https:\/\/familienhotelkaernten.at\/index.php\/wp-json\/wp\/v2\/comments?post=714"}],"version-history":[{"count":102,"href":"https:\/\/familienhotelkaernten.at\/index.php\/wp-json\/wp\/v2\/pages\/714\/revisions"}],"predecessor-version":[{"id":6471,"href":"https:\/\/familienhotelkaernten.at\/index.php\/wp-json\/wp\/v2\/pages\/714\/revisions\/6471"}],"wp:attachment":[{"href":"https:\/\/familienhotelkaernten.at\/index.php\/wp-json\/wp\/v2\/media?parent=714"}],"curies":[{"name":"wp","href":"https:\/\/api.w.org\/{rel}","templated":true}]}}