{"id":6641,"date":"2025-06-03T09:18:20","date_gmt":"2025-06-03T09:18:20","guid":{"rendered":"https:\/\/sweet-varahamihira.3-64-106-182.plesk.page\/?page_id=6641"},"modified":"2025-06-03T09:20:43","modified_gmt":"2025-06-03T09:20:43","slug":"tui-kids-club","status":"publish","type":"page","link":"https:\/\/familienhotelkaernten.at\/index.php\/tui-kids-club\/","title":{"rendered":"TUI Kids Club"},"content":{"rendered":"\t\t<div data-elementor-type=\"wp-page\" data-elementor-id=\"6641\" class=\"elementor elementor-6641\" data-elementor-post-type=\"page\">\n\t\t\t\t<div class=\"elementor-element elementor-element-86c2474 e-flex e-con-boxed e-con e-parent\" data-id=\"86c2474\" data-element_type=\"container\" data-e-type=\"container\">\n\t\t\t\t\t<div class=\"e-con-inner\">\n\t\t<div class=\"elementor-element elementor-element-92a2e03 e-con-full e-flex e-con e-child\" data-id=\"92a2e03\" data-element_type=\"container\" data-e-type=\"container\">\n\t\t\t\t<div class=\"elementor-element elementor-element-b843bef elementor-widget elementor-widget-text-editor\" data-id=\"b843bef\" data-element_type=\"widget\" data-e-type=\"widget\" data-widget_type=\"text-editor.default\">\n\t\t\t\t<div class=\"elementor-widget-container\">\n\t\t\t\t\t\t\t\t\t<h1 data-start=\"153\" data-end=\"241\"><strong data-start=\"153\" data-end=\"241\">Der Trebesingerhof ist offizieller TUI Kids Club \u2013 Familienurlaub, wie er sein soll!<\/strong><\/h1><p data-start=\"243\" data-end=\"358\">Bei uns am Trebesingerhof in Trebesing erwartet euch echtes TUI Kids Club Feeling mit allem, was Familien brauchen:<\/p><h3 data-start=\"360\" data-end=\"418\"><strong data-start=\"364\" data-end=\"418\">Kinderbetreuung mit Herz \u2013 auf Deutsch, von Profis<\/strong><\/h3><p data-start=\"419\" data-end=\"528\">Unsere deutschsprachigen, von TUI speziell geschulten Mitarbeiter betreuen eure Kinder in zwei Altersgruppen:<\/p><ul data-start=\"529\" data-end=\"579\"><li data-start=\"529\" data-end=\"553\"><p data-start=\"531\" data-end=\"553\"><strong data-start=\"531\" data-end=\"541\">Minis:<\/strong> 3\u20136 Jahre<\/p><\/li><li data-start=\"554\" data-end=\"579\"><p data-start=\"556\" data-end=\"579\"><strong data-start=\"556\" data-end=\"566\">Maxis:<\/strong> 7\u201312 Jahre<\/p><\/li><\/ul><p data-start=\"581\" data-end=\"799\">Das Programm findet mehrmals pro Woche statt und bietet jede Menge Spa\u00df, Action und kreative Aktivit\u00e4ten \u2013 drinnen wie drau\u00dfen. Die Kids erleben neue Abenteuer, schlie\u00dfen Freundschaften und sind dabei in besten H\u00e4nden.<\/p><h3 data-start=\"801\" data-end=\"851\"><strong data-start=\"805\" data-end=\"851\">All-Inclusive Verpflegung f\u00fcr Gro\u00df &amp; Klein<\/strong><\/h3><p data-start=\"852\" data-end=\"955\">Familienurlaub ohne Kompromisse:<br data-start=\"884\" data-end=\"887\" \/>Im Trebesingerhof genie\u00dft ihr All-Inclusive \u2013 das bedeutet f\u00fcr euch:<\/p><ul data-start=\"956\" data-end=\"1129\"><li data-start=\"956\" data-end=\"1025\"><p data-start=\"958\" data-end=\"1025\">Reichhaltiges Fr\u00fchst\u00fcck, abwechslungsreiches Mittag- und Abendessen<\/p><\/li><li data-start=\"1026\" data-end=\"1080\"><p data-start=\"1028\" data-end=\"1080\">Snacks f\u00fcr Zwischendurch und erfrischende Getr\u00e4nke<\/p><\/li><li data-start=\"1081\" data-end=\"1129\"><p data-start=\"1083\" data-end=\"1129\">Kindgerechte Buffets und flexible Essenszeiten<\/p><\/li><\/ul><p data-start=\"1131\" data-end=\"1209\">So kann sich die ganze Familie entspannt zur\u00fccklehnen und den Urlaub genie\u00dfen.<\/p><h3 data-start=\"1211\" data-end=\"1239\"><strong data-start=\"1215\" data-end=\"1239\">Warum TUI Kids Club?<\/strong><\/h3><p data-start=\"1240\" data-end=\"1376\">Wir stehen f\u00fcr gepr\u00fcfte Qualit\u00e4t und Familienfreundlichkeit.<br data-start=\"1300\" data-end=\"1303\" \/>Als zertifiziertes TUI Kids Club Hotel erf\u00fcllen wir alle TUI-Standards:<\/p><ul data-start=\"1377\" data-end=\"1610\"><li data-start=\"1377\" data-end=\"1423\"><p data-start=\"1379\" data-end=\"1423\">Professionelle Kinderbetreuung auf Deutsch<\/p><\/li><li data-start=\"1424\" data-end=\"1466\"><p data-start=\"1426\" data-end=\"1466\">Umfangreiche All-Inclusive Verpflegung<\/p><\/li><li data-start=\"1467\" data-end=\"1531\"><p data-start=\"1469\" data-end=\"1531\">Abgestimmtes Freizeitprogramm f\u00fcr verschiedene Altersgruppen<\/p><\/li><li data-start=\"1532\" data-end=\"1610\"><p data-start=\"1534\" data-end=\"1610\">Ein Ort, an dem Kinder Spa\u00df haben und Eltern sich wirklich entspannen k\u00f6nnen<\/p><\/li><\/ul><hr data-start=\"1612\" data-end=\"1615\" \/><p data-start=\"1617\" data-end=\"1708\"><strong data-start=\"1617\" data-end=\"1708\">Trebesingerhof \u2013 euer TUI Kids Club in K\u00e4rnten. Hier f\u00fchlt sich die ganze Familie wohl!<\/strong><\/p>\t\t\t\t\t\t\t\t<\/div>\n\t\t\t\t<\/div>\n\t\t\t\t<\/div>\n\t\t<div class=\"elementor-element elementor-element-97396b0 e-con-full e-flex e-con e-child\" data-id=\"97396b0\" data-element_type=\"container\" data-e-type=\"container\" data-settings=\"{&quot;background_background&quot;:&quot;classic&quot;}\">\n\t\t\t\t<div class=\"elementor-element elementor-element-1208c62 elementor-widget elementor-widget-image\" data-id=\"1208c62\" data-element_type=\"widget\" data-e-type=\"widget\" data-widget_type=\"image.default\">\n\t\t\t\t<div class=\"elementor-widget-container\">\n\t\t\t\t\t\t\t\t\t\t\t\t\t\t\t\t<a href=\"https:\/\/familienhotelkaernten.at\/\/wp-content\/uploads\/2025\/05\/Certificate-103178.pdf\">\n\t\t\t\t\t\t\t<img fetchpriority=\"high\" decoding=\"async\" width=\"585\" height=\"1024\" src=\"https:\/\/familienhotelkaernten.at\/wp-content\/uploads\/2025\/06\/tui-kids-club-trebesingerhof-585x1024.jpg\" class=\"attachment-large size-large wp-image-6643\" alt=\"\" srcset=\"https:\/\/familienhotelkaernten.at\/wp-content\/uploads\/2025\/06\/tui-kids-club-trebesingerhof-585x1024.jpg 585w, https:\/\/familienhotelkaernten.at\/wp-content\/uploads\/2025\/06\/tui-kids-club-trebesingerhof-171x300.jpg 171w, https:\/\/familienhotelkaernten.at\/wp-content\/uploads\/2025\/06\/tui-kids-club-trebesingerhof-768x1344.jpg 768w, https:\/\/familienhotelkaernten.at\/wp-content\/uploads\/2025\/06\/tui-kids-club-trebesingerhof-600x1050.jpg 600w, https:\/\/familienhotelkaernten.at\/wp-content\/uploads\/2025\/06\/tui-kids-club-trebesingerhof.jpg 800w\" sizes=\"(max-width: 585px) 100vw, 585px\" \/>\t\t\t\t\t\t\t\t<\/a>\n\t\t\t\t\t\t\t\t\t\t\t\t\t\t\t<\/div>\n\t\t\t\t<\/div>\n\t\t\t\t<\/div>\n\t\t\t\t\t<\/div>\n\t\t\t\t<\/div>\n\t\t\t\t<\/div>\n\t\t","protected":false},"excerpt":{"rendered":"<p>Der Trebesingerhof ist offizieller TUI Kids Club \u2013 Familienurlaub, wie er sein soll! Bei uns am Trebesingerhof in Trebesing erwartet euch echtes TUI Kids Club Feeling mit allem, was Familien brauchen: Kinderbetreuung mit Herz \u2013 auf Deutsch, von Profis Unsere deutschsprachigen, von TUI speziell geschulten Mitarbeiter betreuen eure Kinder in zwei Altersgruppen: Minis: 3\u20136 Jahre Maxis: 7\u201312 Jahre Das Programm<\/p>\n","protected":false},"author":1,"featured_media":0,"parent":0,"menu_order":0,"comment_status":"closed","ping_status":"closed","template":"elementor_header_footer","meta":{"footnotes":"","_links_to":"","_links_to_target":""},"class_list":["post-6641","page","type-page","status-publish","hentry"],"aioseo_notices":[],"meta_box":[],"_links":{"self":[{"href":"https:\/\/familienhotelkaernten.at\/index.php\/wp-json\/wp\/v2\/pages\/6641","targetHints":{"allow":["GET"]}}],"collection":[{"href":"https:\/\/familienhotelkaernten.at\/index.php\/wp-json\/wp\/v2\/pages"}],"about":[{"href":"https:\/\/familienhotelkaernten.at\/index.php\/wp-json\/wp\/v2\/types\/page"}],"author":[{"embeddable":true,"href":"https:\/\/familienhotelkaernten.at\/index.php\/wp-json\/wp\/v2\/users\/1"}],"replies":[{"embeddable":true,"href":"https:\/\/familienhotelkaernten.at\/index.php\/wp-json\/wp\/v2\/comments?post=6641"}],"version-history":[{"count":4,"href":"https:\/\/familienhotelkaernten.at\/index.php\/wp-json\/wp\/v2\/pages\/6641\/revisions"}],"predecessor-version":[{"id":6646,"href":"https:\/\/familienhotelkaernten.at\/index.php\/wp-json\/wp\/v2\/pages\/6641\/revisions\/6646"}],"wp:attachment":[{"href":"https:\/\/familienhotelkaernten.at\/index.php\/wp-json\/wp\/v2\/media?parent=6641"}],"curies":[{"name":"wp","href":"https:\/\/api.w.org\/{rel}","templated":true}]}}