{"id":6279,"date":"2025-05-16T10:16:43","date_gmt":"2025-05-16T10:16:43","guid":{"rendered":"https:\/\/sweet-varahamihira.3-64-106-182.plesk.page\/?page_id=6279"},"modified":"2025-05-16T10:33:02","modified_gmt":"2025-05-16T10:33:02","slug":"travelife","status":"publish","type":"page","link":"https:\/\/familienhotelkaernten.at\/index.php\/travelife\/","title":{"rendered":"Travelife"},"content":{"rendered":"\t\t<div data-elementor-type=\"wp-page\" data-elementor-id=\"6279\" class=\"elementor elementor-6279\" data-elementor-post-type=\"page\">\n\t\t\t\t<div class=\"elementor-element elementor-element-86c2474 e-flex e-con-boxed e-con e-parent\" data-id=\"86c2474\" data-element_type=\"container\" data-e-type=\"container\">\n\t\t\t\t\t<div class=\"e-con-inner\">\n\t\t<div class=\"elementor-element elementor-element-92a2e03 e-con-full e-flex e-con e-child\" data-id=\"92a2e03\" data-element_type=\"container\" data-e-type=\"container\">\n\t\t\t\t<div class=\"elementor-element elementor-element-b843bef elementor-widget elementor-widget-text-editor\" data-id=\"b843bef\" data-element_type=\"widget\" data-e-type=\"widget\" data-widget_type=\"text-editor.default\">\n\t\t\t\t<div class=\"elementor-widget-container\">\n\t\t\t\t\t\t\t\t\t<h1>Travelife Gold Zertifikat \u2013 Unser Engagement f\u00fcr Nachhaltigkeit<\/h1><p>Wir im <strong>Hotel Trebesingerhof<\/strong> in K\u00e4rnten freuen uns, Ihnen mitteilen zu d\u00fcrfen, dass wir im Rahmen eines unabh\u00e4ngigen Audits nach dem von der Global Sustainable Tourism Council (GSTC) anerkannten Travelife Standard die <strong>Gold-Zertifizierung f\u00fcr nachhaltige Beherbergung<\/strong> erreicht haben.<\/p><h3>Was bedeutet Travelife Gold f\u00fcr Sie und unsere Region?<\/h3><ul><li><strong>Umweltfreundliches Management:<\/strong> Wir reduzieren konsequent Energie- und Wasserverbrauch, optimieren Abfalltrennung &amp; Recycling und setzen auf umweltvertr\u00e4gliche Reinigungs- und Pflegeprodukte.<\/li><li><strong>St\u00e4rkung der lokalen Wirtschaft:<\/strong> Regionale Lieferanten, kurze Transportwege und faire Preise sorgen daf\u00fcr, dass Ihr Urlaub dem Standort Trebesing direkt zugutekommt.<\/li><li><strong>Menschenrechte &amp; faire Arbeitsbedingungen:<\/strong> Unser Team erh\u00e4lt faire L\u00f6hne,zeiten und Weiterbildungs\u00adm\u00f6glichkeiten \u2013 f\u00fcr motivierte Mitarbeitende und erstklassigen Service.<\/li><li><strong>Tierschutz &amp; Biodiversit\u00e4t:<\/strong> Wir sch\u00fctzen Flora und Fauna in unserem Naturgarten, f\u00f6rdern artgerechte Tierhaltung und beteiligen uns an lokalen Naturschutzprojekten.<\/li><\/ul><h3>Unser Versprechen an Sie<\/h3><p>Mit dem Travelife Gold Zertifikat sichern wir Ihnen einen unvergesslichen Aufenthalt, der h\u00f6chste Qualit\u00e4ts- und Nachhaltigkeitsstandards erf\u00fcllt. Erleben Sie bei uns die perfekte Kombination aus Genuss, Erholung und \u00f6kologischem Bewusstsein \u2013 inmitten der beeindruckenden Bergwelt K\u00e4rntens.<\/p>\t\t\t\t\t\t\t\t<\/div>\n\t\t\t\t<\/div>\n\t\t\t\t<\/div>\n\t\t<div class=\"elementor-element elementor-element-97396b0 e-con-full e-flex e-con e-child\" data-id=\"97396b0\" data-element_type=\"container\" data-e-type=\"container\" data-settings=\"{&quot;background_background&quot;:&quot;classic&quot;}\">\n\t\t\t\t<div class=\"elementor-element elementor-element-1208c62 elementor-widget elementor-widget-image\" data-id=\"1208c62\" data-element_type=\"widget\" data-e-type=\"widget\" data-widget_type=\"image.default\">\n\t\t\t\t<div class=\"elementor-widget-container\">\n\t\t\t\t\t\t\t\t\t\t\t\t\t\t\t\t<a href=\"https:\/\/familienhotelkaernten.at\/\/wp-content\/uploads\/2025\/05\/Certificate-103178.pdf\">\n\t\t\t\t\t\t\t<img fetchpriority=\"high\" decoding=\"async\" width=\"713\" height=\"1024\" src=\"https:\/\/familienhotelkaernten.at\/wp-content\/uploads\/2025\/05\/Travelife-Gold-zertifikat-713x1024.jpg\" class=\"attachment-large size-large wp-image-6283\" alt=\"\" srcset=\"https:\/\/familienhotelkaernten.at\/wp-content\/uploads\/2025\/05\/Travelife-Gold-zertifikat-713x1024.jpg 713w, https:\/\/familienhotelkaernten.at\/wp-content\/uploads\/2025\/05\/Travelife-Gold-zertifikat-209x300.jpg 209w, https:\/\/familienhotelkaernten.at\/wp-content\/uploads\/2025\/05\/Travelife-Gold-zertifikat-768x1103.jpg 768w, https:\/\/familienhotelkaernten.at\/wp-content\/uploads\/2025\/05\/Travelife-Gold-zertifikat-1070x1536.jpg 1070w, https:\/\/familienhotelkaernten.at\/wp-content\/uploads\/2025\/05\/Travelife-Gold-zertifikat-600x862.jpg 600w, https:\/\/familienhotelkaernten.at\/wp-content\/uploads\/2025\/05\/Travelife-Gold-zertifikat.jpg 1138w\" sizes=\"(max-width: 713px) 100vw, 713px\" \/>\t\t\t\t\t\t\t\t<\/a>\n\t\t\t\t\t\t\t\t\t\t\t\t\t\t\t<\/div>\n\t\t\t\t<\/div>\n\t\t\t\t<\/div>\n\t\t\t\t\t<\/div>\n\t\t\t\t<\/div>\n\t\t\t\t<\/div>\n\t\t","protected":false},"excerpt":{"rendered":"<p>Travelife Gold Zertifikat \u2013 Unser Engagement f\u00fcr Nachhaltigkeit Wir im Hotel Trebesingerhof in K\u00e4rnten freuen uns, Ihnen mitteilen zu d\u00fcrfen, dass wir im Rahmen eines unabh\u00e4ngigen Audits nach dem von der Global Sustainable Tourism Council (GSTC) anerkannten Travelife Standard die Gold-Zertifizierung f\u00fcr nachhaltige Beherbergung erreicht haben. Was bedeutet Travelife Gold f\u00fcr Sie und unsere Region? Umweltfreundliches Management: Wir reduzieren konsequent<\/p>\n","protected":false},"author":1,"featured_media":0,"parent":0,"menu_order":0,"comment_status":"closed","ping_status":"closed","template":"elementor_header_footer","meta":{"footnotes":"","_links_to":"","_links_to_target":""},"class_list":["post-6279","page","type-page","status-publish","hentry"],"aioseo_notices":[],"meta_box":[],"_links":{"self":[{"href":"https:\/\/familienhotelkaernten.at\/index.php\/wp-json\/wp\/v2\/pages\/6279","targetHints":{"allow":["GET"]}}],"collection":[{"href":"https:\/\/familienhotelkaernten.at\/index.php\/wp-json\/wp\/v2\/pages"}],"about":[{"href":"https:\/\/familienhotelkaernten.at\/index.php\/wp-json\/wp\/v2\/types\/page"}],"author":[{"embeddable":true,"href":"https:\/\/familienhotelkaernten.at\/index.php\/wp-json\/wp\/v2\/users\/1"}],"replies":[{"embeddable":true,"href":"https:\/\/familienhotelkaernten.at\/index.php\/wp-json\/wp\/v2\/comments?post=6279"}],"version-history":[{"count":31,"href":"https:\/\/familienhotelkaernten.at\/index.php\/wp-json\/wp\/v2\/pages\/6279\/revisions"}],"predecessor-version":[{"id":6314,"href":"https:\/\/familienhotelkaernten.at\/index.php\/wp-json\/wp\/v2\/pages\/6279\/revisions\/6314"}],"wp:attachment":[{"href":"https:\/\/familienhotelkaernten.at\/index.php\/wp-json\/wp\/v2\/media?parent=6279"}],"curies":[{"name":"wp","href":"https:\/\/api.w.org\/{rel}","templated":true}]}}