{"id":3483,"date":"2024-07-30T14:46:26","date_gmt":"2024-07-30T14:46:26","guid":{"rendered":"https:\/\/sweet-varahamihira.3-64-106-182.plesk.page\/?page_id=3483"},"modified":"2025-06-03T08:38:39","modified_gmt":"2025-06-03T08:38:39","slug":"kaernten-card","status":"publish","type":"page","link":"https:\/\/familienhotelkaernten.at\/index.php\/kaernten-card\/","title":{"rendered":"K\u00e4rnten Card"},"content":{"rendered":"\t\t<div data-elementor-type=\"wp-page\" data-elementor-id=\"3483\" class=\"elementor elementor-3483\" data-elementor-post-type=\"page\">\n\t\t\t\t<div class=\"elementor-element elementor-element-cf466f5 e-con-full e-flex e-con e-parent\" data-id=\"cf466f5\" data-element_type=\"container\" data-e-type=\"container\" data-settings=\"{&quot;background_background&quot;:&quot;classic&quot;}\">\n\t\t\t\t<div class=\"elementor-element elementor-element-7192c6e elementor-widget elementor-widget-patara-banner-image\" data-id=\"7192c6e\" data-element_type=\"widget\" data-e-type=\"widget\" data-widget_type=\"patara-banner-image.default\">\n\t\t\t\t<div class=\"elementor-widget-container\">\n\t\t\t\t\t\t\t\n\t<!-- Header Banner -->\n\t<header class=\"header\">\n\n\t\t\t\t<div class=\"banner-header full-height valign bg-img bg-fixed text-center\" data-overlay-dark=\"5\" data-background=\"https:\/\/familienhotelkaernten.at\/\/wp-content\/uploads\/2024\/07\/Millstaettersee.webp\">\n\t\t\t\t\t\t\t\t\t\t\t\t<div class=\"container\">\n\t\t\t\t\t<div class=\"row\">\n\t\t\t\t\t\t<div class=\"col-md-12 offset-0\">\n\t\t\t\t\t\t\t<div class=\"caption\">\n\n\t\t\t\t\t\t\t\t\t\t\t\t\t\t\t\t\n\t\t\t\t\t\t\t\t\n\t\t\t\t\t\t\t\t\t\t\t\t\t\t\t\t<h5 class=\"pt-slider-title1-class\">Alle Infos zu unserer Region mit der <\/h5>\n\t\t\t\t\t\t\t\t\t\t\t\t\t\t\t\t\t\t\t\t\t\t\t\t<h1 class=\"pt-slider-title2-class\">K\u00c4RNTEN CARD<\/h1>\n\t\t\t\t\t\t\t\t\t\t\t\t\t\t\t\t\t\t\t\t\t\t\t\t<div class=\"butn-light mt-30 mb-30\"><a href=\"#kaernten-card\" target=\"_self\" rel=\"noopener noreferrer\"><span>Zur K\u00e4rnten Card<\/span><\/a><\/div>\n\t\t\t\t\t\t\t\t\t\t\t\t\t\t\t<\/div>\t\t\t\t\t\t\n\t\t\t\t\t\t<\/div>\t\t\t\t\t\t\n\t\t\t\t\t<\/div>\n\t\t\t\t<\/div>\n\t\t\t\t\t\t\t\t<!-- button scroll -->\n\t\t\t\t<a href=\"#about\" data-scroll-nav=\"1\" class=\"mouse smoothscroll\">\n\t\t\t\t\t<span class=\"mouse-icon\">\n\t\t\t\t\t\t<span class=\"mouse-wheel\"><\/span>\n\t\t\t\t\t<\/span>\n\t\t\t\t<\/a>\t\n\t\t\t\t\t\t\t\t\t\n\t\t\t\t\t\t\n        <\/div>\t\t\t\n\t<\/header>\t\t\n\t\t\t\n    \t\t\t\t<\/div>\n\t\t\t\t<\/div>\n\t\t\t\t<\/div>\n\t\t<div class=\"elementor-element elementor-element-f828a9e e-flex e-con-boxed e-con e-parent\" data-id=\"f828a9e\" data-element_type=\"container\" data-e-type=\"container\" data-settings=\"{&quot;background_background&quot;:&quot;classic&quot;}\">\n\t\t\t\t\t<div class=\"e-con-inner\">\n\t\t<div class=\"elementor-element elementor-element-01946d7 e-con-full e-flex e-con e-child\" data-id=\"01946d7\" data-element_type=\"container\" data-e-type=\"container\" id=\"kaernten-card\" data-settings=\"{&quot;background_background&quot;:&quot;classic&quot;}\">\n\t\t<div class=\"elementor-element elementor-element-73eb351 e-con-full e-flex e-con e-child\" data-id=\"73eb351\" data-element_type=\"container\" data-e-type=\"container\">\n\t\t\t\t<div class=\"elementor-element elementor-element-8e9de9f elementor-widget elementor-widget-image\" data-id=\"8e9de9f\" data-element_type=\"widget\" data-e-type=\"widget\" data-widget_type=\"image.default\">\n\t\t\t\t<div class=\"elementor-widget-container\">\n\t\t\t\t\t\t\t\t\t\t\t\t\t\t\t<img fetchpriority=\"high\" decoding=\"async\" width=\"900\" height=\"737\" src=\"https:\/\/familienhotelkaernten.at\/wp-content\/uploads\/2024\/07\/kearnten-card-1024x838.gif\" class=\"attachment-large size-large wp-image-2443\" alt=\"\" srcset=\"https:\/\/familienhotelkaernten.at\/wp-content\/uploads\/2024\/07\/kearnten-card-1024x838.gif 1024w, https:\/\/familienhotelkaernten.at\/wp-content\/uploads\/2024\/07\/kearnten-card-300x245.gif 300w, https:\/\/familienhotelkaernten.at\/wp-content\/uploads\/2024\/07\/kearnten-card-768x628.gif 768w, https:\/\/familienhotelkaernten.at\/wp-content\/uploads\/2024\/07\/kearnten-card-1536x1257.gif 1536w, https:\/\/familienhotelkaernten.at\/wp-content\/uploads\/2024\/07\/kearnten-card-600x491.gif 600w\" sizes=\"(max-width: 900px) 100vw, 900px\" \/>\t\t\t\t\t\t\t\t\t\t\t\t\t\t\t<\/div>\n\t\t\t\t<\/div>\n\t\t\t\t<\/div>\n\t\t<div class=\"elementor-element elementor-element-195907c e-con-full e-flex e-con e-child\" data-id=\"195907c\" data-element_type=\"container\" data-e-type=\"container\">\n\t\t\t\t<div class=\"elementor-element elementor-element-30d59d4 elementor-widget elementor-widget-patara-title\" data-id=\"30d59d4\" data-element_type=\"widget\" data-e-type=\"widget\" data-widget_type=\"patara-title.default\">\n\t\t\t\t<div class=\"elementor-widget-container\">\n\t\t\t\t\t\t\t\n\t\t\n\t\t\t<h3 class=\"section-subtitle black text-center\">Gratis zu jedem Aufenthalt im Sommer:<\/h3>\t\t\t\t\n\t\t\t<h4 class=\"section-title black text-center\">K\u00e4rnten Card<\/h4>\t\t\t\t\n\t\t\t\n        \n\t\t\t\n        \t\t\t\t<\/div>\n\t\t\t\t<\/div>\n\t\t\t\t<div class=\"elementor-element elementor-element-f7a5326 elementor-widget elementor-widget-patara-text\" data-id=\"f7a5326\" data-element_type=\"widget\" data-e-type=\"widget\" data-widget_type=\"patara-text.default\">\n\t\t\t\t<div class=\"elementor-widget-container\">\n\t\t\t\t\t\t\t\n\t\t<div class=\"section-text text-left black\"><div id=\"1111558148\" class=\"u_1111558148 dmNewParagraph\" data-element-type=\"paragraph\" data-version=\"5\"><p class=\"text-align-center\"><strong>Ihre K\u00e4rnten Card... mehr als 100 Urlaubshighlights inklusive<\/strong><\/p><\/div><\/div>\n\t\t\n\t\t\t\n        \t\t\t\t<\/div>\n\t\t\t\t<\/div>\n\t\t\t\t<\/div>\n\t\t\t\t<\/div>\n\t\t\t\t\t<\/div>\n\t\t\t\t<\/div>\n\t\t<div class=\"elementor-element elementor-element-4e56123 e-flex e-con-boxed e-con e-parent\" data-id=\"4e56123\" data-element_type=\"container\" data-e-type=\"container\">\n\t\t\t\t\t<div class=\"e-con-inner\">\n\t\t<div class=\"elementor-element elementor-element-ad69c75 e-con-full e-flex e-con e-child\" data-id=\"ad69c75\" data-element_type=\"container\" data-e-type=\"container\" data-settings=\"{&quot;background_background&quot;:&quot;classic&quot;}\">\n\t\t\t\t<div class=\"elementor-element elementor-element-bec678b elementor-widget elementor-widget-patara-title\" data-id=\"bec678b\" data-element_type=\"widget\" data-e-type=\"widget\" data-widget_type=\"patara-title.default\">\n\t\t\t\t<div class=\"elementor-widget-container\">\n\t\t\t\t\t\t\t\n\t\t\n\t\t\t\t\t\t\t\n\t\t\t<h4 class=\"section-title black text-center\">Erlebnisse und sch\u00f6ne Momente f\u00fcr die ganze Familie\n<\/h4>\t\t\t\t\n\t\t\t\n        \n\t\t\t\n        \t\t\t\t<\/div>\n\t\t\t\t<\/div>\n\t\t\t\t<div class=\"elementor-element elementor-element-3a431a5 elementor-widget elementor-widget-patara-text\" data-id=\"3a431a5\" data-element_type=\"widget\" data-e-type=\"widget\" data-widget_type=\"patara-text.default\">\n\t\t\t\t<div class=\"elementor-widget-container\">\n\t\t\t\t\t\t\t\n\t\t<div class=\"section-text text-left black\"><p class=\"text-align-left\" style=\"text-align: center;\">Mit der K\u00e4rnten Card h\u00e4lt man den Schl\u00fcssel f\u00fcr Erlebnis, Spa\u00df und jede Menge Vorteile in der Hand. Sie \u00f6ffnet die T\u00fcren zu t\u00e4glich \u00fcber 100 Ausflugszielen (Tierparks, Erlebnisb\u00e4der, Bergbahnen, Museen, Schifffahrt, ...) in K\u00e4rnten. Weiters gibt es bei \u00fcber 60 Bonuspartnern tolle Erm\u00e4\u00dfigungen. Die folgenden Bilder zeigen eine Vielzahl an familienfreundlichen Ausflugszielen in der n\u00e4heren Umgebung, wo sie t\u00e4glich freien Eintritt genie\u00dfen (Erreichbarkeit in 5 bis 70 Minuten).<\/p><\/div>\n\t\t\n\t\t\t\n        \t\t\t\t<\/div>\n\t\t\t\t<\/div>\n\t\t\t\t<\/div>\n\t\t\t\t\t<\/div>\n\t\t\t\t<\/div>\n\t\t<div class=\"elementor-element elementor-element-23f4d94 elementor-hidden-mobile elementor-hidden-tablet e-flex e-con-boxed e-con e-parent\" data-id=\"23f4d94\" data-element_type=\"container\" data-e-type=\"container\">\n\t\t\t\t\t<div class=\"e-con-inner\">\n\t\t<div class=\"elementor-element elementor-element-52d4fc0 e-con-full e-flex e-con e-child\" data-id=\"52d4fc0\" data-element_type=\"container\" data-e-type=\"container\">\n\t\t\t\t<div class=\"elementor-element elementor-element-416e406 elementor-position-top elementor-widget elementor-widget-image-box\" data-id=\"416e406\" data-element_type=\"widget\" data-e-type=\"widget\" data-widget_type=\"image-box.default\">\n\t\t\t\t<div class=\"elementor-widget-container\">\n\t\t\t\t\t<div class=\"elementor-image-box-wrapper\"><figure class=\"elementor-image-box-img\"><img decoding=\"async\" width=\"400\" height=\"409\" src=\"https:\/\/familienhotelkaernten.at\/wp-content\/uploads\/2024\/07\/Piktogramm_Beachvolleyball-1920w.png\" class=\"attachment-full size-full wp-image-3774\" alt=\"\" srcset=\"https:\/\/familienhotelkaernten.at\/wp-content\/uploads\/2024\/07\/Piktogramm_Beachvolleyball-1920w.png 400w, https:\/\/familienhotelkaernten.at\/wp-content\/uploads\/2024\/07\/Piktogramm_Beachvolleyball-1920w-293x300.png 293w\" sizes=\"(max-width: 400px) 100vw, 400px\" \/><\/figure><\/div>\t\t\t\t<\/div>\n\t\t\t\t<\/div>\n\t\t\t\t<div class=\"elementor-element elementor-element-5f91ae9 elementor-position-top elementor-widget elementor-widget-image-box\" data-id=\"5f91ae9\" data-element_type=\"widget\" data-e-type=\"widget\" data-widget_type=\"image-box.default\">\n\t\t\t\t<div class=\"elementor-widget-container\">\n\t\t\t\t\t<div class=\"elementor-image-box-wrapper\"><figure class=\"elementor-image-box-img\"><img decoding=\"async\" width=\"400\" height=\"409\" src=\"https:\/\/familienhotelkaernten.at\/wp-content\/uploads\/2024\/07\/sport1-1920w-e1722513375547.png\" class=\"attachment-full size-full wp-image-3773\" alt=\"\" srcset=\"https:\/\/familienhotelkaernten.at\/wp-content\/uploads\/2024\/07\/sport1-1920w-e1722513375547.png 400w, https:\/\/familienhotelkaernten.at\/wp-content\/uploads\/2024\/07\/sport1-1920w-e1722513375547-293x300.png 293w\" sizes=\"(max-width: 400px) 100vw, 400px\" \/><\/figure><\/div>\t\t\t\t<\/div>\n\t\t\t\t<\/div>\n\t\t\t\t<div class=\"elementor-element elementor-element-6ad7f6e elementor-position-top elementor-widget elementor-widget-image-box\" data-id=\"6ad7f6e\" data-element_type=\"widget\" data-e-type=\"widget\" data-widget_type=\"image-box.default\">\n\t\t\t\t<div class=\"elementor-widget-container\">\n\t\t\t\t\t<div class=\"elementor-image-box-wrapper\"><figure class=\"elementor-image-box-img\"><img loading=\"lazy\" decoding=\"async\" width=\"400\" height=\"409\" src=\"https:\/\/familienhotelkaernten.at\/wp-content\/uploads\/2024\/08\/Kurzurlaub-1920w-1.png\" class=\"attachment-full size-full wp-image-3954\" alt=\"\" srcset=\"https:\/\/familienhotelkaernten.at\/wp-content\/uploads\/2024\/08\/Kurzurlaub-1920w-1.png 400w, https:\/\/familienhotelkaernten.at\/wp-content\/uploads\/2024\/08\/Kurzurlaub-1920w-1-293x300.png 293w\" sizes=\"(max-width: 400px) 100vw, 400px\" \/><\/figure><\/div>\t\t\t\t<\/div>\n\t\t\t\t<\/div>\n\t\t\t\t<div class=\"elementor-element elementor-element-2fe9c23 elementor-position-top elementor-widget elementor-widget-image-box\" data-id=\"2fe9c23\" data-element_type=\"widget\" data-e-type=\"widget\" data-widget_type=\"image-box.default\">\n\t\t\t\t<div class=\"elementor-widget-container\">\n\t\t\t\t\t<div class=\"elementor-image-box-wrapper\"><figure class=\"elementor-image-box-img\"><img loading=\"lazy\" decoding=\"async\" width=\"400\" height=\"409\" src=\"https:\/\/familienhotelkaernten.at\/wp-content\/uploads\/2024\/07\/familienwanderung-1920w-e1722513872860.png\" class=\"attachment-full size-full wp-image-3772\" alt=\"\" srcset=\"https:\/\/familienhotelkaernten.at\/wp-content\/uploads\/2024\/07\/familienwanderung-1920w-e1722513872860.png 400w, https:\/\/familienhotelkaernten.at\/wp-content\/uploads\/2024\/07\/familienwanderung-1920w-e1722513872860-293x300.png 293w\" sizes=\"(max-width: 400px) 100vw, 400px\" \/><\/figure><\/div>\t\t\t\t<\/div>\n\t\t\t\t<\/div>\n\t\t\t\t<\/div>\n\t\t<div class=\"elementor-element elementor-element-bf7a6bf e-con-full e-flex e-con e-child\" data-id=\"bf7a6bf\" data-element_type=\"container\" data-e-type=\"container\">\n\t\t\t\t<div class=\"elementor-element elementor-element-a3cc786 elementor-position-top elementor-widget elementor-widget-image-box\" data-id=\"a3cc786\" data-element_type=\"widget\" data-e-type=\"widget\" data-widget_type=\"image-box.default\">\n\t\t\t\t<div class=\"elementor-widget-container\">\n\t\t\t\t\t<div class=\"elementor-image-box-wrapper\"><figure class=\"elementor-image-box-img\"><img loading=\"lazy\" decoding=\"async\" width=\"400\" height=\"409\" src=\"https:\/\/familienhotelkaernten.at\/wp-content\/uploads\/2024\/08\/relax-1920w-1-1.png\" class=\"attachment-full size-full wp-image-3958\" alt=\"\" srcset=\"https:\/\/familienhotelkaernten.at\/wp-content\/uploads\/2024\/08\/relax-1920w-1-1.png 400w, https:\/\/familienhotelkaernten.at\/wp-content\/uploads\/2024\/08\/relax-1920w-1-1-293x300.png 293w\" sizes=\"(max-width: 400px) 100vw, 400px\" \/><\/figure><\/div>\t\t\t\t<\/div>\n\t\t\t\t<\/div>\n\t\t\t\t<div class=\"elementor-element elementor-element-6d640ee elementor-position-top elementor-widget elementor-widget-image-box\" data-id=\"6d640ee\" data-element_type=\"widget\" data-e-type=\"widget\" data-widget_type=\"image-box.default\">\n\t\t\t\t<div class=\"elementor-widget-container\">\n\t\t\t\t\t<div class=\"elementor-image-box-wrapper\"><figure class=\"elementor-image-box-img\"><img loading=\"lazy\" decoding=\"async\" width=\"400\" height=\"409\" src=\"https:\/\/familienhotelkaernten.at\/wp-content\/uploads\/2024\/08\/baden-1920w-1-1.png\" class=\"attachment-full size-full wp-image-3960\" alt=\"\" srcset=\"https:\/\/familienhotelkaernten.at\/wp-content\/uploads\/2024\/08\/baden-1920w-1-1.png 400w, https:\/\/familienhotelkaernten.at\/wp-content\/uploads\/2024\/08\/baden-1920w-1-1-293x300.png 293w\" sizes=\"(max-width: 400px) 100vw, 400px\" \/><\/figure><\/div>\t\t\t\t<\/div>\n\t\t\t\t<\/div>\n\t\t\t\t<div class=\"elementor-element elementor-element-ed7d284 elementor-position-top elementor-widget elementor-widget-image-box\" data-id=\"ed7d284\" data-element_type=\"widget\" data-e-type=\"widget\" data-widget_type=\"image-box.default\">\n\t\t\t\t<div class=\"elementor-widget-container\">\n\t\t\t\t\t<div class=\"elementor-image-box-wrapper\"><figure class=\"elementor-image-box-img\"><img loading=\"lazy\" decoding=\"async\" width=\"400\" height=\"409\" src=\"https:\/\/familienhotelkaernten.at\/wp-content\/uploads\/2024\/08\/museum-1920w-1-2.png\" class=\"attachment-full size-full wp-image-3961\" alt=\"\" srcset=\"https:\/\/familienhotelkaernten.at\/wp-content\/uploads\/2024\/08\/museum-1920w-1-2.png 400w, https:\/\/familienhotelkaernten.at\/wp-content\/uploads\/2024\/08\/museum-1920w-1-2-293x300.png 293w\" sizes=\"(max-width: 400px) 100vw, 400px\" \/><\/figure><\/div>\t\t\t\t<\/div>\n\t\t\t\t<\/div>\n\t\t\t\t<div class=\"elementor-element elementor-element-761f4de elementor-position-top elementor-widget elementor-widget-image-box\" data-id=\"761f4de\" data-element_type=\"widget\" data-e-type=\"widget\" data-widget_type=\"image-box.default\">\n\t\t\t\t<div class=\"elementor-widget-container\">\n\t\t\t\t\t<div class=\"elementor-image-box-wrapper\"><figure class=\"elementor-image-box-img\"><img loading=\"lazy\" decoding=\"async\" width=\"400\" height=\"409\" src=\"https:\/\/familienhotelkaernten.at\/wp-content\/uploads\/2024\/08\/rad-1920w-1-1.png\" class=\"attachment-full size-full wp-image-3962\" alt=\"\" srcset=\"https:\/\/familienhotelkaernten.at\/wp-content\/uploads\/2024\/08\/rad-1920w-1-1.png 400w, https:\/\/familienhotelkaernten.at\/wp-content\/uploads\/2024\/08\/rad-1920w-1-1-293x300.png 293w\" sizes=\"(max-width: 400px) 100vw, 400px\" \/><\/figure><\/div>\t\t\t\t<\/div>\n\t\t\t\t<\/div>\n\t\t\t\t<div class=\"elementor-element elementor-element-d981d28 elementor-position-top elementor-widget elementor-widget-image-box\" data-id=\"d981d28\" data-element_type=\"widget\" data-e-type=\"widget\" data-widget_type=\"image-box.default\">\n\t\t\t\t<div class=\"elementor-widget-container\">\n\t\t\t\t\t<div class=\"elementor-image-box-wrapper\"><figure class=\"elementor-image-box-img\"><img loading=\"lazy\" decoding=\"async\" width=\"400\" height=\"409\" src=\"https:\/\/familienhotelkaernten.at\/wp-content\/uploads\/2024\/08\/golf-1920w-1-1.png\" class=\"attachment-full size-full wp-image-3964\" alt=\"\" srcset=\"https:\/\/familienhotelkaernten.at\/wp-content\/uploads\/2024\/08\/golf-1920w-1-1.png 400w, https:\/\/familienhotelkaernten.at\/wp-content\/uploads\/2024\/08\/golf-1920w-1-1-293x300.png 293w\" sizes=\"(max-width: 400px) 100vw, 400px\" \/><\/figure><\/div>\t\t\t\t<\/div>\n\t\t\t\t<\/div>\n\t\t\t\t<\/div>\n\t\t\t\t\t<\/div>\n\t\t\t\t<\/div>\n\t\t<div class=\"elementor-element elementor-element-3cf7012 e-flex e-con-boxed e-con e-parent\" data-id=\"3cf7012\" data-element_type=\"container\" data-e-type=\"container\" data-settings=\"{&quot;background_background&quot;:&quot;classic&quot;}\">\n\t\t\t\t\t<div class=\"e-con-inner\">\n\t\t<div class=\"elementor-element elementor-element-1f151e2 e-con-full e-flex e-con e-child\" data-id=\"1f151e2\" data-element_type=\"container\" data-e-type=\"container\" data-settings=\"{&quot;background_background&quot;:&quot;classic&quot;}\">\n\t\t<div class=\"elementor-element elementor-element-2b29961 e-con-full e-flex e-con e-child\" data-id=\"2b29961\" data-element_type=\"container\" data-e-type=\"container\">\n\t\t\t\t<div class=\"elementor-element elementor-element-4d3050f elementor-widget elementor-widget-image\" data-id=\"4d3050f\" data-element_type=\"widget\" data-e-type=\"widget\" data-widget_type=\"image.default\">\n\t\t\t\t<div class=\"elementor-widget-container\">\n\t\t\t\t\t\t\t\t\t\t\t\t\t\t\t\t<a href=\"https:\/\/www.outdooractive.com\/de\/wanderwege\/katschberg-liesertal-maltatal\/wandern-in-der-region-katschberg-liesertal-maltatal\/3597605\/\" target=\"_blank\">\n\t\t\t\t\t\t\t<img loading=\"lazy\" decoding=\"async\" width=\"247\" height=\"100\" src=\"https:\/\/familienhotelkaernten.at\/wp-content\/uploads\/2024\/07\/Familiental-Touren-1920w.webp\" class=\"attachment-large size-large wp-image-3223\" alt=\"\" \/>\t\t\t\t\t\t\t\t<\/a>\n\t\t\t\t\t\t\t\t\t\t\t\t\t\t\t<\/div>\n\t\t\t\t<\/div>\n\t\t\t\t<\/div>\n\t\t<div class=\"elementor-element elementor-element-0bc05ad e-con-full e-flex e-con e-child\" data-id=\"0bc05ad\" data-element_type=\"container\" data-e-type=\"container\">\n\t\t\t\t<div class=\"elementor-element elementor-element-d4191b2 elementor-widget elementor-widget-patara-title\" data-id=\"d4191b2\" data-element_type=\"widget\" data-e-type=\"widget\" data-widget_type=\"patara-title.default\">\n\t\t\t\t<div class=\"elementor-widget-container\">\n\t\t\t\t\t\t\t\n\t\t\n\t\t\t<h3 class=\"section-subtitle black text-left\">\ufeffTOURENGUIDE<\/h3>\t\t\t\t\n\t\t\t<h4 class=\"section-title black text-left\">Lieser-Maltatal\n<\/h4>\t\t\t\t\n\t\t\t\n        \n\t\t\t\n        \t\t\t\t<\/div>\n\t\t\t\t<\/div>\n\t\t\t\t<div class=\"elementor-element elementor-element-28fa59e elementor-widget elementor-widget-patara-text\" data-id=\"28fa59e\" data-element_type=\"widget\" data-e-type=\"widget\" data-widget_type=\"patara-text.default\">\n\t\t\t\t<div class=\"elementor-widget-container\">\n\t\t\t\t\t\t\t\n\t\t<div class=\"section-text text-left black\"><p class=\"text-align-center\">Mit einem Klick auf den interaktiven Tourenguide entdecken Sie zahlreiche M\u00f6glichkeiten f\u00fcr Wanderungen und Radtouren in allen Schwierigkeitsstufen.<\/p><\/div>\n\t\t\n\t\t\t\n        \t\t\t\t<\/div>\n\t\t\t\t<\/div>\n\t\t\t\t<\/div>\n\t\t\t\t<\/div>\n\t\t\t\t\t<\/div>\n\t\t\t\t<\/div>\n\t\t<div class=\"elementor-element elementor-element-5843676 e-flex e-con-boxed e-con e-parent\" data-id=\"5843676\" data-element_type=\"container\" data-e-type=\"container\">\n\t\t\t\t\t<div class=\"e-con-inner\">\n\t\t<div class=\"elementor-element elementor-element-3c19539 e-con-full e-flex e-con e-child\" data-id=\"3c19539\" data-element_type=\"container\" data-e-type=\"container\" data-settings=\"{&quot;background_background&quot;:&quot;classic&quot;}\">\n\t\t\t\t<div class=\"elementor-element elementor-element-d6df84d elementor-widget elementor-widget-google_maps\" data-id=\"d6df84d\" data-element_type=\"widget\" data-e-type=\"widget\" data-widget_type=\"google_maps.default\">\n\t\t\t\t<div class=\"elementor-widget-container\">\n\t\t\t\t\t\t\t<div class=\"elementor-custom-embed\">\n\t\t\t <div class=\"brlbs-cmpnt-container brlbs-cmpnt-content-blocker brlbs-cmpnt-with-individual-styles\" data-borlabs-cookie-content-blocker-id=\"default\" data-borlabs-cookie-content=\"PGlmcmFtZSBsb2FkaW5nPSJsYXp5IgoJCQkJCXNyYz0iaHR0cHM6Ly9tYXBzLmdvb2dsZS5jb20vbWFwcz9xPVRyZWJlc2luZy1CYWQlMjAxJTJDJTIwOTg1MiUyMFRyZWJlc2luZyYjMDM4O3Q9bSYjMDM4O3o9MTAmIzAzODtvdXRwdXQ9ZW1iZWQmIzAzODtpd2xvYz1uZWFyIgoJCQkJCXRpdGxlPSJUcmViZXNpbmctQmFkIDEsIDk4NTIgVHJlYmVzaW5nIgoJCQkJCWFyaWEtbGFiZWw9IlRyZWJlc2luZy1CYWQgMSwgOTg1MiBUcmViZXNpbmciCgkJCT48L2lmcmFtZT4=\"><div class=\"brlbs-cmpnt-cb-preset-a\"> <p class=\"brlbs-cmpnt-cb-description\">Sie sehen gerade einen Platzhalterinhalt von <strong>Standard<\/strong>. Um auf den eigentlichen Inhalt zuzugreifen, klicken Sie auf den Button unten. Bitte beachten Sie, dass dabei Daten an Drittanbieter weitergegeben werden.<\/p> <div class=\"brlbs-cmpnt-cb-buttons\"> <a class=\"brlbs-cmpnt-cb-btn\" href=\"#\" data-borlabs-cookie-unblock role=\"button\">Inhalt entsperren<\/a> <a class=\"brlbs-cmpnt-cb-btn\" href=\"#\" data-borlabs-cookie-accept-service role=\"button\" style=\"display: none\">Erforderlichen Service akzeptieren und Inhalte entsperren<\/a> <\/div> <a class=\"brlbs-cmpnt-cb-provider-toggle\" href=\"#\" data-borlabs-cookie-show-provider-information role=\"button\">Weitere Informationen<\/a> <\/div><\/div>\n\t\t<\/div>\n\t\t\t\t\t\t<\/div>\n\t\t\t\t<\/div>\n\t\t\t\t<\/div>\n\t\t\t\t\t<\/div>\n\t\t\t\t<\/div>\n\t\t\t\t<\/div>\n\t\t","protected":false},"excerpt":{"rendered":"<p>Alle Infos zu unserer Region mit der K\u00c4RNTEN CARD Zur K\u00e4rnten Card Gratis zu jedem Aufenthalt im Sommer: K\u00e4rnten Card Ihre K\u00e4rnten Card&#8230; mehr als 100 Urlaubshighlights inklusive Erlebnisse und sch\u00f6ne Momente f\u00fcr die ganze Familie Mit der K\u00e4rnten Card h\u00e4lt man den Schl\u00fcssel f\u00fcr Erlebnis, Spa\u00df und jede Menge Vorteile in der Hand. Sie \u00f6ffnet die T\u00fcren zu t\u00e4glich<\/p>\n","protected":false},"author":1,"featured_media":0,"parent":0,"menu_order":0,"comment_status":"closed","ping_status":"closed","template":"elementor_header_footer","meta":{"footnotes":"","_links_to":"","_links_to_target":""},"class_list":["post-3483","page","type-page","status-publish","hentry"],"aioseo_notices":[],"meta_box":[],"_links":{"self":[{"href":"https:\/\/familienhotelkaernten.at\/index.php\/wp-json\/wp\/v2\/pages\/3483","targetHints":{"allow":["GET"]}}],"collection":[{"href":"https:\/\/familienhotelkaernten.at\/index.php\/wp-json\/wp\/v2\/pages"}],"about":[{"href":"https:\/\/familienhotelkaernten.at\/index.php\/wp-json\/wp\/v2\/types\/page"}],"author":[{"embeddable":true,"href":"https:\/\/familienhotelkaernten.at\/index.php\/wp-json\/wp\/v2\/users\/1"}],"replies":[{"embeddable":true,"href":"https:\/\/familienhotelkaernten.at\/index.php\/wp-json\/wp\/v2\/comments?post=3483"}],"version-history":[{"count":66,"href":"https:\/\/familienhotelkaernten.at\/index.php\/wp-json\/wp\/v2\/pages\/3483\/revisions"}],"predecessor-version":[{"id":6616,"href":"https:\/\/familienhotelkaernten.at\/index.php\/wp-json\/wp\/v2\/pages\/3483\/revisions\/6616"}],"wp:attachment":[{"href":"https:\/\/familienhotelkaernten.at\/index.php\/wp-json\/wp\/v2\/media?parent=3483"}],"curies":[{"name":"wp","href":"https:\/\/api.w.org\/{rel}","templated":true}]}}