{"id":2022,"date":"2024-01-03T18:29:39","date_gmt":"2024-01-03T18:29:39","guid":{"rendered":"https:\/\/webredox.net\/demo\/wp\/patara\/?page_id=2022"},"modified":"2025-03-19T11:04:02","modified_gmt":"2025-03-19T11:04:02","slug":"region","status":"publish","type":"page","link":"https:\/\/familienhotelkaernten.at\/index.php\/region\/","title":{"rendered":"Region"},"content":{"rendered":"\t\t<div data-elementor-type=\"wp-page\" data-elementor-id=\"2022\" class=\"elementor elementor-2022\" data-elementor-post-type=\"page\">\n\t\t\t\t<div class=\"elementor-element elementor-element-cf466f5 e-con-full e-flex e-con e-parent\" data-id=\"cf466f5\" data-element_type=\"container\" data-e-type=\"container\" data-settings=\"{&quot;background_background&quot;:&quot;classic&quot;}\">\n\t\t\t\t<div class=\"elementor-element elementor-element-7192c6e elementor-widget elementor-widget-patara-banner-image\" data-id=\"7192c6e\" data-element_type=\"widget\" data-e-type=\"widget\" data-widget_type=\"patara-banner-image.default\">\n\t\t\t\t<div class=\"elementor-widget-container\">\n\t\t\t\t\t\t\t\n\t<!-- Header Banner -->\n\t<header class=\"header\">\n\n\t\t\t\t<div class=\"banner-header full-height valign bg-img bg-fixed text-center\" data-overlay-dark=\"5\" data-background=\"https:\/\/familienhotelkaernten.at\/\/wp-content\/uploads\/2024\/07\/Millstaettersee.webp\">\n\t\t\t\t\t\t\t\t\t\t\t\t<div class=\"container\">\n\t\t\t\t\t<div class=\"row\">\n\t\t\t\t\t\t<div class=\"col-md-12 offset-0\">\n\t\t\t\t\t\t\t<div class=\"caption\">\n\n\t\t\t\t\t\t\t\t\t\t\t\t\t\t\t\t\n\t\t\t\t\t\t\t\t\n\t\t\t\t\t\t\t\t\t\t\t\t\t\t\t\t<h5 class=\"pt-slider-title1-class\">Alle Infos zu unserer Region<\/h5>\n\t\t\t\t\t\t\t\t\t\t\t\t\t\t\t\t\t\t\t\t\t\t\t\t<h1 class=\"pt-slider-title2-class\">Lieser- und Maltatal<\/h1>\n\t\t\t\t\t\t\t\t\t\t\t\t\t\t\t\t\t\t\t\t\t\t\t\t<div class=\"butn-light mt-30 mb-30\"><a href=\"#regions\" target=\"_self\" rel=\"noopener noreferrer\"><span>Ausflugsziele<\/span><\/a><\/div>\n\t\t\t\t\t\t\t\t\t\t\t\t\t\t\t<\/div>\t\t\t\t\t\t\n\t\t\t\t\t\t<\/div>\t\t\t\t\t\t\n\t\t\t\t\t<\/div>\n\t\t\t\t<\/div>\n\t\t\t\t\t\t\t\t<!-- button scroll -->\n\t\t\t\t<a href=\"#about\" data-scroll-nav=\"1\" class=\"mouse smoothscroll\">\n\t\t\t\t\t<span class=\"mouse-icon\">\n\t\t\t\t\t\t<span class=\"mouse-wheel\"><\/span>\n\t\t\t\t\t<\/span>\n\t\t\t\t<\/a>\t\n\t\t\t\t\t\t\t\t\t\n\t\t\t\t\t\t\n        <\/div>\t\t\t\n\t<\/header>\t\t\n\t\t\t\n    \t\t\t\t<\/div>\n\t\t\t\t<\/div>\n\t\t\t\t<\/div>\n\t\t<div class=\"elementor-element elementor-element-4e56123 e-flex e-con-boxed e-con e-parent\" data-id=\"4e56123\" data-element_type=\"container\" data-e-type=\"container\">\n\t\t\t\t\t<div class=\"e-con-inner\">\n\t\t<div class=\"elementor-element elementor-element-ad69c75 e-con-full e-flex e-con e-child\" data-id=\"ad69c75\" data-element_type=\"container\" data-e-type=\"container\" data-settings=\"{&quot;background_background&quot;:&quot;classic&quot;}\">\n\t\t\t\t<div class=\"elementor-element elementor-element-bec678b elementor-widget elementor-widget-patara-title\" data-id=\"bec678b\" data-element_type=\"widget\" data-e-type=\"widget\" data-widget_type=\"patara-title.default\">\n\t\t\t\t<div class=\"elementor-widget-container\">\n\t\t\t\t\t\t\t\n\t\t\n\t\t\t\t\t\t\t\n\t\t\t<h4 class=\"section-title black text-center\">Europas familienfreundlichstes Tal<\/h4>\t\t\t\t\n\t\t\t\n        \n\t\t\t\n        \t\t\t\t<\/div>\n\t\t\t\t<\/div>\n\t\t\t\t<div class=\"elementor-element elementor-element-3a431a5 elementor-widget elementor-widget-patara-text\" data-id=\"3a431a5\" data-element_type=\"widget\" data-e-type=\"widget\" data-widget_type=\"patara-text.default\">\n\t\t\t\t<div class=\"elementor-widget-container\">\n\t\t\t\t\t\t\t\n\t\t<div class=\"section-text text-left black\"><p class=\"text-align-justify\" style=\"text-align: center;\">Unser wundersch\u00f6nes Tal liegt mitten im Biosph\u00e4renpark Nockberge und dem Nationalpark Hohe Tauern. Das Freizeitangebot reicht von erlebnisreichen Wasserspielpl\u00e4tzen und Wegen, wie z.B. dem Energie Erlebnisweg Trebesing - \u00fcber die K\u00fcnstlerstadt Gm\u00fcnd mit <span style=\"color: #9ea57c;\"><strong>Porsche Automuseum<\/strong><\/span> oder \u201eHaus des Staunens\u201c bis zu umfassenden Outdoor-Aktivit\u00e4ten - Wandern, Canyoning und Klettern. Naturliebhabern und Familien ist ein erholsamer Urlaub garantiert.<\/p><p class=\"text-align-justify\" style=\"text-align: center;\"><span style=\"color: #9ea57c;\">Viele dieser Ausflugsziele k\u00f6nnen Sie mit Ihrer inkludierten K\u00e4rnten Card - gratis besuchen.<\/span><\/p><\/div>\n\t\t\n\t\t\t\n        \t\t\t\t<\/div>\n\t\t\t\t<\/div>\n\t\t<div class=\"elementor-element elementor-element-0b9b2ba e-con-full e-flex e-con e-child\" data-id=\"0b9b2ba\" data-element_type=\"container\" data-e-type=\"container\">\n\t\t\t\t<div class=\"elementor-element elementor-element-e6ef1ac elementor-widget elementor-widget-patara-button\" data-id=\"e6ef1ac\" data-element_type=\"widget\" data-e-type=\"widget\" data-widget_type=\"patara-button.default\">\n\t\t\t\t<div class=\"elementor-widget-container\">\n\t\t\t\t\t\n\t\t<div class=\"float-left\">\n            <div class=\"sec-button butn-dark\"><a href=\"mailto:info@trebesingerhof.at\" target=\"_blank\" rel=\"noopener noreferrer\"><span>Jetzt Anfragen!<\/span><\/a><\/div>\t\t\n\t\t<\/div>\t\t\n\n        \t\t\t\t<\/div>\n\t\t\t\t<\/div>\n\t\t\t\t<div class=\"elementor-element elementor-element-a9f546a elementor-widget elementor-widget-patara-button\" data-id=\"a9f546a\" data-element_type=\"widget\" data-e-type=\"widget\" data-widget_type=\"patara-button.default\">\n\t\t\t\t<div class=\"elementor-widget-container\">\n\t\t\t\t\t\n\t\t<div class=\"float-left\">\n            <div class=\"sec-button butn-dark\"><a href=\"#tourenguide\" target=\"_self\" rel=\"noopener noreferrer\"><span>ZUM TOURENGUIDE!<\/span><\/a><\/div>\t\t\n\t\t<\/div>\t\t\n\n        \t\t\t\t<\/div>\n\t\t\t\t<\/div>\n\t\t\t\t<\/div>\n\t\t\t\t<\/div>\n\t\t\t\t\t<\/div>\n\t\t\t\t<\/div>\n\t\t<div class=\"elementor-element elementor-element-6c81829 e-flex e-con-boxed e-con e-parent\" data-id=\"6c81829\" data-element_type=\"container\" data-e-type=\"container\" id=\"regions\">\n\t\t\t\t\t<div class=\"e-con-inner\">\n\t\t\t\t<div class=\"elementor-element elementor-element-72f9364 region elementor-widget elementor-widget-patara-post-grid\" data-id=\"72f9364\" data-element_type=\"widget\" data-e-type=\"widget\" data-widget_type=\"patara-post-grid.default\">\n\t\t\t\t<div class=\"elementor-widget-container\">\n\t\t\t\t\t\t\t\t\t<div class=\"sec-blog blog-home\">\n\t\t\t<div class=\"container container-after-room1\">\n\t\t\t\t<div class=\"row isotope-items-wrap  no-hide-last loadmore-wrapper-room1\" data-load-item=\"6\" data-button-text=\"Mehr Erfahren\">\n\t\t\t\t\t\t\t\t\t\t\t\t\t\t\t<div class=\"col-lg-6 col-md-6 isotope-item\">\n\t\t\t\t\t\t<div class=\"item bg-img\" data-background=\"https:\/\/familienhotelkaernten.at\/wp-content\/uploads\/2023\/08\/skiurlaub-katschberg.jpg\">\n\t\t\t\t\t\t\t<div class=\"content\">\n\t\t\t\t\t\t\t\t<div class=\"info\">\n\t\t\t\t\t\t\t\t\t<a href=\"https:\/\/familienhotelkaernten.at\/index.php\/2024\/09\/26\/katschberg\/\"> <span><i class=\"ti-time\" aria-hidden=\"true\"><\/i>September 26, 2024<\/span><\/a>\n\t\t\t\t\t\t\t\t<\/div>\n\t\t\t\t\t\t\t\t<a href=\"https:\/\/familienhotelkaernten.at\/index.php\/2024\/09\/26\/katschberg\/\"><h5>Katschberg<\/h5><\/a>\n\t\t\t\t\t\t\t\t<p>Der Katschberg ist ein vielseitiges Urlaubsgebiet an der Grenze K\u00e4rnten-Salzburg, ideal zum Wandern, Skifahren und Erholen.<\/p>\t\t\t\t\t\t\t\t<div class=\"arrow\"> <a href=\"https:\/\/familienhotelkaernten.at\/index.php\/2024\/09\/26\/katschberg\/\"><span class=\"ti-arrow-right\"><\/span><\/a> <\/div>\n\t\t\t\t\t\t\t<\/div>\t\t\t\t\t\t\t\t\n\t\t\t\t\t\t<\/div>\n\t\t\t\t\t<\/div>\n\t\t\t\t\t\t\t\t\t\t\t\t\t\t\t<div class=\"col-lg-6 col-md-6 isotope-item\">\n\t\t\t\t\t\t<div class=\"item bg-img\" data-background=\"https:\/\/familienhotelkaernten.at\/wp-content\/uploads\/2023\/10\/gmuend.webp\">\n\t\t\t\t\t\t\t<div class=\"content\">\n\t\t\t\t\t\t\t\t<div class=\"info\">\n\t\t\t\t\t\t\t\t\t<a href=\"https:\/\/familienhotelkaernten.at\/index.php\/2024\/09\/26\/kuenstlerstadt-gmuend\/\"> <span><i class=\"ti-time\" aria-hidden=\"true\"><\/i>September 26, 2024<\/span><\/a>\n\t\t\t\t\t\t\t\t<\/div>\n\t\t\t\t\t\t\t\t<a href=\"https:\/\/familienhotelkaernten.at\/index.php\/2024\/09\/26\/kuenstlerstadt-gmuend\/\"><h5>K\u00fcnstlerstadt Gm\u00fcnd<\/h5><\/a>\n\t\t\t\t\t\t\t\t<p>Die K\u00fcnstlerstadt Gm\u00fcnd in K\u00e4rnten begeistert mit ihrer lebendigen Kunstszene, zahlreichen Galerien und Ausstellungen sowie einer&hellip;<\/p>\t\t\t\t\t\t\t\t<div class=\"arrow\"> <a href=\"https:\/\/familienhotelkaernten.at\/index.php\/2024\/09\/26\/kuenstlerstadt-gmuend\/\"><span class=\"ti-arrow-right\"><\/span><\/a> <\/div>\n\t\t\t\t\t\t\t<\/div>\t\t\t\t\t\t\t\t\n\t\t\t\t\t\t<\/div>\n\t\t\t\t\t<\/div>\n\t\t\t\t\t\t\t\t\t\t\t\t\t\t\t<div class=\"col-lg-6 col-md-6 isotope-item\">\n\t\t\t\t\t\t<div class=\"item bg-img\" data-background=\"https:\/\/familienhotelkaernten.at\/wp-content\/uploads\/2024\/07\/spittal.webp\">\n\t\t\t\t\t\t\t<div class=\"content\">\n\t\t\t\t\t\t\t\t<div class=\"info\">\n\t\t\t\t\t\t\t\t\t<a href=\"https:\/\/familienhotelkaernten.at\/index.php\/2024\/09\/26\/spittal-an-der-drau\/\"> <span><i class=\"ti-time\" aria-hidden=\"true\"><\/i>September 26, 2024<\/span><\/a>\n\t\t\t\t\t\t\t\t<\/div>\n\t\t\t\t\t\t\t\t<a href=\"https:\/\/familienhotelkaernten.at\/index.php\/2024\/09\/26\/spittal-an-der-drau\/\"><h5>Spittal an der Drau<\/h5><\/a>\n\t\t\t\t\t\t\t\t<p>Spittal an der Drau in K\u00e4rnten bietet vielseitige Freizeitm\u00f6glichkeiten wie Wandern, Radfahren, Golfen oder Entspannen am&hellip;<\/p>\t\t\t\t\t\t\t\t<div class=\"arrow\"> <a href=\"https:\/\/familienhotelkaernten.at\/index.php\/2024\/09\/26\/spittal-an-der-drau\/\"><span class=\"ti-arrow-right\"><\/span><\/a> <\/div>\n\t\t\t\t\t\t\t<\/div>\t\t\t\t\t\t\t\t\n\t\t\t\t\t\t<\/div>\n\t\t\t\t\t<\/div>\n\t\t\t\t\t\t\t\t\t\t\t\t\t\t\t<div class=\"col-lg-6 col-md-6 isotope-item\">\n\t\t\t\t\t\t<div class=\"item bg-img\" data-background=\"https:\/\/familienhotelkaernten.at\/wp-content\/uploads\/2024\/07\/ausflugsziele-millstaetter-see-kaernten.jpg\">\n\t\t\t\t\t\t\t<div class=\"content\">\n\t\t\t\t\t\t\t\t<div class=\"info\">\n\t\t\t\t\t\t\t\t\t<a href=\"https:\/\/familienhotelkaernten.at\/index.php\/2024\/08\/13\/spittal-drau-neu\/\"> <span><i class=\"ti-time\" aria-hidden=\"true\"><\/i>August 13, 2024<\/span><\/a>\n\t\t\t\t\t\t\t\t<\/div>\n\t\t\t\t\t\t\t\t<a href=\"https:\/\/familienhotelkaernten.at\/index.php\/2024\/08\/13\/spittal-drau-neu\/\"><h5>Millst\u00e4tter See<\/h5><\/a>\n\t\t\t\t\t\t\t\t<p>Ob Wandern, Golfen, Radfahren, Chillen am See, Bootfahren oder andere Aktivit\u00e4ten am Wasser: der Millst\u00e4tter See&hellip;<\/p>\t\t\t\t\t\t\t\t<div class=\"arrow\"> <a href=\"https:\/\/familienhotelkaernten.at\/index.php\/2024\/08\/13\/spittal-drau-neu\/\"><span class=\"ti-arrow-right\"><\/span><\/a> <\/div>\n\t\t\t\t\t\t\t<\/div>\t\t\t\t\t\t\t\t\n\t\t\t\t\t\t<\/div>\n\t\t\t\t\t<\/div>\n\t\t\t\t\t\t\t\t\t<\/div>\n\t\t\t<\/div>\n\t\t<\/div>\n\t\t\n        \t\t\t\t<\/div>\n\t\t\t\t<\/div>\n\t\t\t\t\t<\/div>\n\t\t\t\t<\/div>\n\t\t<div class=\"elementor-element elementor-element-3cf7012 e-flex e-con-boxed e-con e-parent\" data-id=\"3cf7012\" data-element_type=\"container\" data-e-type=\"container\" id=\"tourenguide\" data-settings=\"{&quot;background_background&quot;:&quot;classic&quot;}\">\n\t\t\t\t\t<div class=\"e-con-inner\">\n\t\t<div class=\"elementor-element elementor-element-1f151e2 e-con-full e-flex e-con e-child\" data-id=\"1f151e2\" data-element_type=\"container\" data-e-type=\"container\" data-settings=\"{&quot;background_background&quot;:&quot;classic&quot;}\">\n\t\t<div class=\"elementor-element elementor-element-2b29961 e-con-full e-flex e-con e-child\" data-id=\"2b29961\" data-element_type=\"container\" data-e-type=\"container\">\n\t\t\t\t<div class=\"elementor-element elementor-element-4d3050f elementor-widget elementor-widget-image\" data-id=\"4d3050f\" data-element_type=\"widget\" data-e-type=\"widget\" data-widget_type=\"image.default\">\n\t\t\t\t<div class=\"elementor-widget-container\">\n\t\t\t\t\t\t\t\t\t\t\t\t\t\t\t\t<a href=\"https:\/\/www.outdooractive.com\/de\/wanderwege\/katschberg-liesertal-maltatal\/wandern-in-der-region-katschberg-liesertal-maltatal\/3597605\/\" target=\"_blank\">\n\t\t\t\t\t\t\t<img decoding=\"async\" width=\"247\" height=\"100\" src=\"https:\/\/familienhotelkaernten.at\/wp-content\/uploads\/2024\/07\/Familiental-Touren-1920w.webp\" class=\"attachment-large size-large wp-image-3223\" alt=\"\" \/>\t\t\t\t\t\t\t\t<\/a>\n\t\t\t\t\t\t\t\t\t\t\t\t\t\t\t<\/div>\n\t\t\t\t<\/div>\n\t\t\t\t<\/div>\n\t\t<div class=\"elementor-element elementor-element-0bc05ad e-con-full e-flex e-con e-child\" data-id=\"0bc05ad\" data-element_type=\"container\" data-e-type=\"container\">\n\t\t\t\t<div class=\"elementor-element elementor-element-d4191b2 elementor-widget elementor-widget-patara-title\" data-id=\"d4191b2\" data-element_type=\"widget\" data-e-type=\"widget\" data-widget_type=\"patara-title.default\">\n\t\t\t\t<div class=\"elementor-widget-container\">\n\t\t\t\t\t\t\t\n\t\t\n\t\t\t<h3 class=\"section-subtitle black text-left\">\ufeffTOURENGUIDE<\/h3>\t\t\t\t\n\t\t\t<h4 class=\"section-title black text-left\">Lieser-Maltatal\n<\/h4>\t\t\t\t\n\t\t\t\n        \n\t\t\t\n        \t\t\t\t<\/div>\n\t\t\t\t<\/div>\n\t\t\t\t<div class=\"elementor-element elementor-element-28fa59e elementor-widget elementor-widget-patara-text\" data-id=\"28fa59e\" data-element_type=\"widget\" data-e-type=\"widget\" data-widget_type=\"patara-text.default\">\n\t\t\t\t<div class=\"elementor-widget-container\">\n\t\t\t\t\t\t\t\n\t\t<div class=\"section-text text-left black\"><p class=\"text-align-center\">Mit einem Klick auf den interaktiven Tourenguide entdecken Sie zahlreiche M\u00f6glichkeiten f\u00fcr Wanderungen und Radtouren in allen Schwierigkeitsstufen.<\/p><\/div>\n\t\t\n\t\t\t\n        \t\t\t\t<\/div>\n\t\t\t\t<\/div>\n\t\t\t\t<\/div>\n\t\t\t\t<\/div>\n\t\t\t\t\t<\/div>\n\t\t\t\t<\/div>\n\t\t<div class=\"elementor-element elementor-element-5843676 e-flex e-con-boxed e-con e-parent\" data-id=\"5843676\" data-element_type=\"container\" data-e-type=\"container\">\n\t\t\t\t\t<div class=\"e-con-inner\">\n\t\t<div class=\"elementor-element elementor-element-3c19539 e-con-full e-flex e-con e-child\" data-id=\"3c19539\" data-element_type=\"container\" data-e-type=\"container\" data-settings=\"{&quot;background_background&quot;:&quot;classic&quot;}\">\n\t\t\t\t<div class=\"elementor-element elementor-element-d6df84d elementor-widget elementor-widget-google_maps\" data-id=\"d6df84d\" data-element_type=\"widget\" data-e-type=\"widget\" data-widget_type=\"google_maps.default\">\n\t\t\t\t<div class=\"elementor-widget-container\">\n\t\t\t\t\t\t\t<div class=\"elementor-custom-embed\">\n\t\t\t <div class=\"brlbs-cmpnt-container brlbs-cmpnt-content-blocker brlbs-cmpnt-with-individual-styles\" data-borlabs-cookie-content-blocker-id=\"default\" data-borlabs-cookie-content=\"PGlmcmFtZSBsb2FkaW5nPSJsYXp5IgoJCQkJCXNyYz0iaHR0cHM6Ly9tYXBzLmdvb2dsZS5jb20vbWFwcz9xPVRyZWJlc2luZy1CYWQlMjAxJTJDJTIwOTg1MiUyMFRyZWJlc2luZyYjMDM4O3Q9bSYjMDM4O3o9MTAmIzAzODtvdXRwdXQ9ZW1iZWQmIzAzODtpd2xvYz1uZWFyIgoJCQkJCXRpdGxlPSJUcmViZXNpbmctQmFkIDEsIDk4NTIgVHJlYmVzaW5nIgoJCQkJCWFyaWEtbGFiZWw9IlRyZWJlc2luZy1CYWQgMSwgOTg1MiBUcmViZXNpbmciCgkJCT48L2lmcmFtZT4=\"><div class=\"brlbs-cmpnt-cb-preset-a\"> <p class=\"brlbs-cmpnt-cb-description\">Sie sehen gerade einen Platzhalterinhalt von <strong>Standard<\/strong>. Um auf den eigentlichen Inhalt zuzugreifen, klicken Sie auf den Button unten. Bitte beachten Sie, dass dabei Daten an Drittanbieter weitergegeben werden.<\/p> <div class=\"brlbs-cmpnt-cb-buttons\"> <a class=\"brlbs-cmpnt-cb-btn\" href=\"#\" data-borlabs-cookie-unblock role=\"button\">Inhalt entsperren<\/a> <a class=\"brlbs-cmpnt-cb-btn\" href=\"#\" data-borlabs-cookie-accept-service role=\"button\" style=\"display: none\">Erforderlichen Service akzeptieren und Inhalte entsperren<\/a> <\/div> <a class=\"brlbs-cmpnt-cb-provider-toggle\" href=\"#\" data-borlabs-cookie-show-provider-information role=\"button\">Weitere Informationen<\/a> <\/div><\/div>\n\t\t<\/div>\n\t\t\t\t\t\t<\/div>\n\t\t\t\t<\/div>\n\t\t\t\t<\/div>\n\t\t\t\t\t<\/div>\n\t\t\t\t<\/div>\n\t\t<div class=\"elementor-element elementor-element-eca3ef6 e-flex e-con-boxed e-con e-parent\" data-id=\"eca3ef6\" data-element_type=\"container\" data-e-type=\"container\">\n\t\t\t\t\t<div class=\"e-con-inner\">\n\t\t<div class=\"elementor-element elementor-element-1c57879 e-con-full e-flex e-con e-child\" data-id=\"1c57879\" data-element_type=\"container\" data-e-type=\"container\">\n\t\t\t\t<div class=\"elementor-element elementor-element-cdf6a27 elementor-widget elementor-widget-patara-gallery\" data-id=\"cdf6a27\" data-element_type=\"widget\" data-e-type=\"widget\" data-widget_type=\"patara-gallery.default\">\n\t\t\t\t<div class=\"elementor-widget-container\">\n\t\t\t\t\t\t\t\t\t<div class=\"sec-gallery\">\n\t\t\t<div class=\"container-after-gallery\">\n\t\t\t<div class=\"row patara-gallery-items isotope-items-wrap loadmore-wrapper-gallery\" data-load-item=\"10\" data-button-text=\"Mehr laden\">\t\n\t\t\t\t\t\t\t\t\t\t\t\t\t\t\t\t\n\t\t\t\t\t<div class=\"col-md-3 patara-masonry-wrapper single-item isotope-item-gallery\">\t\n\t\t\t\t\t\t<div class=\"gallery-item\">\n\t\t\t\t\t\t\t<div class=\"img-card\">\n\t\t\t\t\t\t\t\t<a href=\"https:\/\/familienhotelkaernten.at\/\/wp-content\/uploads\/2024\/08\/biker-2572582_1920-1920w.webp\"  class=\"img-zoom\">\n\t\t\t\t\t\t\t\t\t<div class=\"img-block\">\n\t\t\t\t\t\t\t\t\t\t<div class=\"wrapper-img\"> <img decoding=\"async\" src=\"https:\/\/familienhotelkaernten.at\/\/wp-content\/uploads\/2024\/08\/biker-2572582_1920-1920w.webp\" alt=\"\"  class=\"img-fluid mx-auto d-block\"> <\/div>\n\t\t\t\t\t\t\t\t\t\t\t\n\t\t\t\t\t\t\t\t\t<\/div>\t\t\t\t\t\t\t\t\t\n\t\t\t\t\t\t\t\t<\/a>\t\t\t\t\t\t\t\n\t\t\t\t\t\t\t<\/div>\n\t\t\t\t\t\t<\/div>\n\t\t\t\t\t<\/div>\n\t\t\t\t\t\n\t\t\t\t\t\t\t\t\t\t\t\t\t\t\t\t\n\t\t\t\t\t<div class=\"col-md-3 patara-masonry-wrapper single-item isotope-item-gallery\">\t\n\t\t\t\t\t\t<div class=\"gallery-item\">\n\t\t\t\t\t\t\t<div class=\"img-card\">\n\t\t\t\t\t\t\t\t<a href=\"https:\/\/familienhotelkaernten.at\/\/wp-content\/uploads\/2024\/08\/golf-7355568_1280.jpg\"  class=\"img-zoom\">\n\t\t\t\t\t\t\t\t\t<div class=\"img-block\">\n\t\t\t\t\t\t\t\t\t\t<div class=\"wrapper-img\"> <img decoding=\"async\" src=\"https:\/\/familienhotelkaernten.at\/\/wp-content\/uploads\/2024\/08\/golf-7355568_1280.jpg\" alt=\"\"  class=\"img-fluid mx-auto d-block\"> <\/div>\n\t\t\t\t\t\t\t\t\t\t\t\n\t\t\t\t\t\t\t\t\t<\/div>\t\t\t\t\t\t\t\t\t\n\t\t\t\t\t\t\t\t<\/a>\t\t\t\t\t\t\t\n\t\t\t\t\t\t\t<\/div>\n\t\t\t\t\t\t<\/div>\n\t\t\t\t\t<\/div>\n\t\t\t\t\t\n\t\t\t\t\t\t\t\t\t\t\t\t\t\t\t\t\n\t\t\t\t\t<div class=\"col-md-3 patara-masonry-wrapper single-item isotope-item-gallery\">\t\n\t\t\t\t\t\t<div class=\"gallery-item\">\n\t\t\t\t\t\t\t<div class=\"img-card\">\n\t\t\t\t\t\t\t\t<a href=\"https:\/\/familienhotelkaernten.at\/\/wp-content\/uploads\/2024\/08\/GolfclubMillstaetterSee-1920w.webp\"  class=\"img-zoom\">\n\t\t\t\t\t\t\t\t\t<div class=\"img-block\">\n\t\t\t\t\t\t\t\t\t\t<div class=\"wrapper-img\"> <img decoding=\"async\" src=\"https:\/\/familienhotelkaernten.at\/\/wp-content\/uploads\/2024\/08\/GolfclubMillstaetterSee-1920w.webp\" alt=\"\"  class=\"img-fluid mx-auto d-block\"> <\/div>\n\t\t\t\t\t\t\t\t\t\t\t\n\t\t\t\t\t\t\t\t\t<\/div>\t\t\t\t\t\t\t\t\t\n\t\t\t\t\t\t\t\t<\/a>\t\t\t\t\t\t\t\n\t\t\t\t\t\t\t<\/div>\n\t\t\t\t\t\t<\/div>\n\t\t\t\t\t<\/div>\n\t\t\t\t\t\n\t\t\t\t\t\t\t\t\t\t\t\t\t\t\t\t\n\t\t\t\t\t<div class=\"col-md-3 patara-masonry-wrapper single-item isotope-item-gallery\">\t\n\t\t\t\t\t\t<div class=\"gallery-item\">\n\t\t\t\t\t\t\t<div class=\"img-card\">\n\t\t\t\t\t\t\t\t<a href=\"https:\/\/familienhotelkaernten.at\/\/wp-content\/uploads\/2024\/08\/dog-3344414_1920-1920w.webp\"  class=\"img-zoom\">\n\t\t\t\t\t\t\t\t\t<div class=\"img-block\">\n\t\t\t\t\t\t\t\t\t\t<div class=\"wrapper-img\"> <img decoding=\"async\" src=\"https:\/\/familienhotelkaernten.at\/\/wp-content\/uploads\/2024\/08\/dog-3344414_1920-1920w.webp\" alt=\"\"  class=\"img-fluid mx-auto d-block\"> <\/div>\n\t\t\t\t\t\t\t\t\t\t\t\n\t\t\t\t\t\t\t\t\t<\/div>\t\t\t\t\t\t\t\t\t\n\t\t\t\t\t\t\t\t<\/a>\t\t\t\t\t\t\t\n\t\t\t\t\t\t\t<\/div>\n\t\t\t\t\t\t<\/div>\n\t\t\t\t\t<\/div>\n\t\t\t\t\t\n\t\t\t\t\t\t\t\t\t\t\t\t\t\t\t\t\n\t\t\t\t\t<div class=\"col-md-3 patara-masonry-wrapper single-item isotope-item-gallery\">\t\n\t\t\t\t\t\t<div class=\"gallery-item\">\n\t\t\t\t\t\t\t<div class=\"img-card\">\n\t\t\t\t\t\t\t\t<a href=\"https:\/\/familienhotelkaernten.at\/\/wp-content\/uploads\/2024\/08\/woman-936549_1920-1920w.webp\"  class=\"img-zoom\">\n\t\t\t\t\t\t\t\t\t<div class=\"img-block\">\n\t\t\t\t\t\t\t\t\t\t<div class=\"wrapper-img\"> <img decoding=\"async\" src=\"https:\/\/familienhotelkaernten.at\/\/wp-content\/uploads\/2024\/08\/woman-936549_1920-1920w.webp\" alt=\"\"  class=\"img-fluid mx-auto d-block\"> <\/div>\n\t\t\t\t\t\t\t\t\t\t\t\n\t\t\t\t\t\t\t\t\t<\/div>\t\t\t\t\t\t\t\t\t\n\t\t\t\t\t\t\t\t<\/a>\t\t\t\t\t\t\t\n\t\t\t\t\t\t\t<\/div>\n\t\t\t\t\t\t<\/div>\n\t\t\t\t\t<\/div>\n\t\t\t\t\t\n\t\t\t\t\t\t\t\t\t\t\t\t\t\t\t\t\n\t\t\t\t\t<div class=\"col-md-3 patara-masonry-wrapper single-item isotope-item-gallery\">\t\n\t\t\t\t\t\t<div class=\"gallery-item\">\n\t\t\t\t\t\t\t<div class=\"img-card\">\n\t\t\t\t\t\t\t\t<a href=\"https:\/\/familienhotelkaernten.at\/\/wp-content\/uploads\/2023\/10\/gmuend.webp\"  class=\"img-zoom\">\n\t\t\t\t\t\t\t\t\t<div class=\"img-block\">\n\t\t\t\t\t\t\t\t\t\t<div class=\"wrapper-img\"> <img decoding=\"async\" src=\"https:\/\/familienhotelkaernten.at\/\/wp-content\/uploads\/2023\/10\/gmuend.webp\" alt=\"\"  class=\"img-fluid mx-auto d-block\"> <\/div>\n\t\t\t\t\t\t\t\t\t\t\t\n\t\t\t\t\t\t\t\t\t<\/div>\t\t\t\t\t\t\t\t\t\n\t\t\t\t\t\t\t\t<\/a>\t\t\t\t\t\t\t\n\t\t\t\t\t\t\t<\/div>\n\t\t\t\t\t\t<\/div>\n\t\t\t\t\t<\/div>\n\t\t\t\t\t\n\t\t\t\t\t\t\t\t\t\t\t\t\t\t\t\t\n\t\t\t\t\t<div class=\"col-md-3 patara-masonry-wrapper single-item isotope-item-gallery\">\t\n\t\t\t\t\t\t<div class=\"gallery-item\">\n\t\t\t\t\t\t\t<div class=\"img-card\">\n\t\t\t\t\t\t\t\t<a href=\"https:\/\/familienhotelkaernten.at\/\/wp-content\/uploads\/2024\/07\/pexels-gandhar-thakur-4271919-1920w.webp\"  class=\"img-zoom\">\n\t\t\t\t\t\t\t\t\t<div class=\"img-block\">\n\t\t\t\t\t\t\t\t\t\t<div class=\"wrapper-img\"> <img decoding=\"async\" src=\"https:\/\/familienhotelkaernten.at\/\/wp-content\/uploads\/2024\/07\/pexels-gandhar-thakur-4271919-1920w.webp\" alt=\"\"  class=\"img-fluid mx-auto d-block\"> <\/div>\n\t\t\t\t\t\t\t\t\t\t\t\n\t\t\t\t\t\t\t\t\t<\/div>\t\t\t\t\t\t\t\t\t\n\t\t\t\t\t\t\t\t<\/a>\t\t\t\t\t\t\t\n\t\t\t\t\t\t\t<\/div>\n\t\t\t\t\t\t<\/div>\n\t\t\t\t\t<\/div>\n\t\t\t\t\t\n\t\t\t\t\t\t\t\t\t\t\t\t\t\t\t\t\n\t\t\t\t\t<div class=\"col-md-3 patara-masonry-wrapper single-item isotope-item-gallery\">\t\n\t\t\t\t\t\t<div class=\"gallery-item\">\n\t\t\t\t\t\t\t<div class=\"img-card\">\n\t\t\t\t\t\t\t\t<a href=\"https:\/\/familienhotelkaernten.at\/\/wp-content\/uploads\/2024\/08\/wheel-3714047_1920-1920w-e1723632440172.webp\"  class=\"img-zoom\">\n\t\t\t\t\t\t\t\t\t<div class=\"img-block\">\n\t\t\t\t\t\t\t\t\t\t<div class=\"wrapper-img\"> <img decoding=\"async\" src=\"https:\/\/familienhotelkaernten.at\/\/wp-content\/uploads\/2024\/08\/wheel-3714047_1920-1920w-e1723632440172.webp\" alt=\"\"  class=\"img-fluid mx-auto d-block\"> <\/div>\n\t\t\t\t\t\t\t\t\t\t\t\n\t\t\t\t\t\t\t\t\t<\/div>\t\t\t\t\t\t\t\t\t\n\t\t\t\t\t\t\t\t<\/a>\t\t\t\t\t\t\t\n\t\t\t\t\t\t\t<\/div>\n\t\t\t\t\t\t<\/div>\n\t\t\t\t\t<\/div>\n\t\t\t\t\t\n\t\t\t\t\t\n\t\t\t<\/div>\t\t\t\t\n\t\t\t<\/div>\t\t\t\t\n\t\t<\/div>\t\t\t\t\n\n        \t\t\t\t<\/div>\n\t\t\t\t<\/div>\n\t\t\t\t<\/div>\n\t\t\t\t\t<\/div>\n\t\t\t\t<\/div>\n\t\t<div class=\"elementor-element elementor-element-e5244ee e-flex e-con-boxed e-con e-parent\" data-id=\"e5244ee\" data-element_type=\"container\" data-e-type=\"container\" data-settings=\"{&quot;background_background&quot;:&quot;classic&quot;}\">\n\t\t\t\t\t<div class=\"e-con-inner\">\n\t\t\t\t<div class=\"elementor-element elementor-element-405a15f elementor-widget elementor-widget-patara-room-search\" data-id=\"405a15f\" data-element_type=\"widget\" data-e-type=\"widget\" data-widget_type=\"patara-room-search.default\">\n\t\t\t\t<div class=\"elementor-widget-container\">\n\t\t\t\t\t\t\t\n\t\t\n    \t\t\t\t<\/div>\n\t\t\t\t<\/div>\n\t\t\t\t\t<\/div>\n\t\t\t\t<\/div>\n\t\t\t\t<\/div>\n\t\t","protected":false},"excerpt":{"rendered":"<p>Alle Infos zu unserer Region Lieser- und Maltatal Ausflugsziele Europas familienfreundlichstes Tal Unser wundersch\u00f6nes Tal liegt mitten im Biosph\u00e4renpark Nockberge und dem Nationalpark Hohe Tauern. Das Freizeitangebot reicht von erlebnisreichen Wasserspielpl\u00e4tzen und Wegen, wie z.B. dem Energie Erlebnisweg Trebesing &#8211; \u00fcber die K\u00fcnstlerstadt Gm\u00fcnd mit Porsche Automuseum oder \u201eHaus des Staunens\u201c bis zu umfassenden Outdoor-Aktivit\u00e4ten &#8211; Wandern, Canyoning und Klettern.<\/p>\n","protected":false},"author":1,"featured_media":0,"parent":0,"menu_order":0,"comment_status":"closed","ping_status":"closed","template":"","meta":{"footnotes":"","_links_to":"","_links_to_target":""},"class_list":["post-2022","page","type-page","status-publish","hentry"],"aioseo_notices":[],"meta_box":[],"_links":{"self":[{"href":"https:\/\/familienhotelkaernten.at\/index.php\/wp-json\/wp\/v2\/pages\/2022","targetHints":{"allow":["GET"]}}],"collection":[{"href":"https:\/\/familienhotelkaernten.at\/index.php\/wp-json\/wp\/v2\/pages"}],"about":[{"href":"https:\/\/familienhotelkaernten.at\/index.php\/wp-json\/wp\/v2\/types\/page"}],"author":[{"embeddable":true,"href":"https:\/\/familienhotelkaernten.at\/index.php\/wp-json\/wp\/v2\/users\/1"}],"replies":[{"embeddable":true,"href":"https:\/\/familienhotelkaernten.at\/index.php\/wp-json\/wp\/v2\/comments?post=2022"}],"version-history":[{"count":92,"href":"https:\/\/familienhotelkaernten.at\/index.php\/wp-json\/wp\/v2\/pages\/2022\/revisions"}],"predecessor-version":[{"id":6017,"href":"https:\/\/familienhotelkaernten.at\/index.php\/wp-json\/wp\/v2\/pages\/2022\/revisions\/6017"}],"wp:attachment":[{"href":"https:\/\/familienhotelkaernten.at\/index.php\/wp-json\/wp\/v2\/media?parent=2022"}],"curies":[{"name":"wp","href":"https:\/\/api.w.org\/{rel}","templated":true}]}}